{"id":208,"date":"2021-08-12T23:41:19","date_gmt":"2021-08-12T20:41:19","guid":{"rendered":"https:\/\/www.auttamaan.fi\/?page_id=208"},"modified":"2022-05-12T18:10:11","modified_gmt":"2022-05-12T15:10:11","slug":"yhdessa-eteenpain","status":"publish","type":"page","link":"https:\/\/www.auttamaan.fi\/","title":{"rendered":"Autetaan yhdess\u00e4"},"content":{"rendered":"\n<div class=\"wp-block-columns alignwide is-layout-flex wp-container-core-columns-is-layout-9d6595d7 wp-block-columns-is-layout-flex\">\n<div class=\"wp-block-column is-layout-flow wp-block-column-is-layout-flow\" style=\"flex-basis:100%\">\n<p class=\"has-text-align-center\" style=\"font-size:40px\"><strong>KOVASTI TERVETULOA SIVUILLE!<\/strong><\/p>\n\n\n\n<div class=\"wp-block-group\"><div class=\"wp-block-group__inner-container is-layout-flow wp-block-group-is-layout-flow\">\n<div class=\"wp-block-image is-style-default\"><figure class=\"alignleft size-full is-resized\"><img loading=\"lazy\" decoding=\"async\" src=\"https:\/\/www.auttamaan.fi\/wp-content\/uploads\/2021\/08\/rahattomuus.jpg\" alt=\"\" class=\"wp-image-31\" width=\"251\" height=\"167\" srcset=\"https:\/\/www.auttamaan.fi\/wp-content\/uploads\/2021\/08\/rahattomuus.jpg 612w, https:\/\/www.auttamaan.fi\/wp-content\/uploads\/2021\/08\/rahattomuus-300x200.jpg 300w\" sizes=\"auto, (max-width: 251px) 100vw, 251px\" \/><figcaption>Taloudellinen turvattomuus<\/figcaption><\/figure><\/div>\n\n\n\n<div class=\"wp-block-image is-style-default\"><figure class=\"alignright size-full is-resized\"><img loading=\"lazy\" decoding=\"async\" src=\"https:\/\/www.auttamaan.fi\/wp-content\/uploads\/2021\/08\/turva-lapset-ja-nuoret.jpg\" alt=\"\" class=\"wp-image-32\" width=\"239\" height=\"159\" srcset=\"https:\/\/www.auttamaan.fi\/wp-content\/uploads\/2021\/08\/turva-lapset-ja-nuoret.jpg 509w, https:\/\/www.auttamaan.fi\/wp-content\/uploads\/2021\/08\/turva-lapset-ja-nuoret-300x199.jpg 300w\" sizes=\"auto, (max-width: 239px) 100vw, 239px\" \/><figcaption>Fyysinen\/henkinen turvattomuus<\/figcaption><\/figure><\/div>\n<\/div><\/div>\n<\/div>\n<\/div>\n\n\n\n<div class=\"wp-block-columns alignwide is-layout-flex wp-container-core-columns-is-layout-9d6595d7 wp-block-columns-is-layout-flex\">\n<div class=\"wp-block-column is-layout-flow wp-block-column-is-layout-flow\" style=\"flex-basis:100%\">\n<p class=\"has-text-align-center has-normal-font-size\">N\u00e4iden sivujen avulla yritet\u00e4\u00e4n inspiroida, kannustaa ja motivoida ihmisi\u00e4 <a href=\"https:\/\/www.auttamaan.fi\/?page_id=84\" target=\"_blank\" rel=\"noreferrer noopener\">auttamaan ja tekem\u00e4\u00e4n hyvi\u00e4 tekoja.<\/a> Samalla my\u00f6s ihan konkreettista k\u00e4yt\u00e4nn\u00f6n apua on tarjolla liittyen erityisesti talouteen ja turvallisuuteen liittyviin kysymyksiin.<\/p>\n<\/div>\n<\/div>\n\n\n\n<div class=\"wp-block-columns alignwide is-layout-flex wp-container-core-columns-is-layout-9d6595d7 wp-block-columns-is-layout-flex\">\n<div class=\"wp-block-column is-layout-flow wp-block-column-is-layout-flow\" style=\"flex-basis:100%\">\n<p class=\"has-text-align-center has-normal-font-size\">Sivuihin ei liity mink\u00e4\u00e4laisia taloudellisia intressej\u00e4 vaan kaikki tehd\u00e4\u00e4n puhtaasti auttamisen ilosta sek\u00e4 hyv\u00e4st\u00e4 tahdosta. <a href=\"https:\/\/www.auttamaan.fi\/?page_id=74\" target=\"_blank\" rel=\"noreferrer noopener\">Sivuston kautta saatu apu tai tuki<\/a> menee siis suoraan avun tarvitsijoille.<\/p>\n<\/div>\n<\/div>\n\n\n\n<div class=\"wp-block-columns alignwide is-layout-flex wp-container-core-columns-is-layout-9d6595d7 wp-block-columns-is-layout-flex\">\n<div class=\"wp-block-column is-layout-flow wp-block-column-is-layout-flow\" style=\"flex-basis:100%\">\n<p class=\"has-text-align-center has-normal-font-size\">Sivuston yll\u00e4pito ja sen puitteissa toimiminen tapahtuvat varsinaisen &#8221;p\u00e4iv\u00e4ty\u00f6n&#8221; ulkopuolella vapaa-ajalla. \u201dToimipaikka\u201d sijaitsee Oulussa, joten p\u00e4\u00e4asiallinen vaikutusalue on siis Oulun seutu.<\/p>\n<\/div>\n<\/div>\n\n\n\n<div class=\"wp-block-columns alignwide is-layout-flex wp-container-core-columns-is-layout-9d6595d7 wp-block-columns-is-layout-flex\">\n<div class=\"wp-block-column is-layout-flow wp-block-column-is-layout-flow\" style=\"flex-basis:100%\">\n<p class=\"has-text-align-center has-normal-font-size\">Aikaa sek\u00e4 taloudellisia resursseja auttamiseen ja hyv\u00e4n tekemiseen on k\u00e4ytetty vuosien varrella jo kohtuullisen paljon ja t\u00e4t\u00e4 olisi tarkoitus jatkaa niin kauan kuin vain mahdollista.<\/p>\n<\/div>\n<\/div>\n\n\n\n<div class=\"wp-block-columns alignwide is-layout-flex wp-container-core-columns-is-layout-9d6595d7 wp-block-columns-is-layout-flex\">\n<div class=\"wp-block-column is-layout-flow wp-block-column-is-layout-flow\" style=\"flex-basis:100%\">\n<p class=\"has-text-align-center has-normal-font-size\">Suurin toive olisi, ett\u00e4 sivuston avulla saataisiin lis\u00e4tty\u00e4 ihmisten auttamishalua ja hyv\u00e4ntahtoisuutta ja n\u00e4in my\u00f6s ep\u00e4itsekk\u00e4iden tekojen m\u00e4\u00e4r\u00e4 mahdollisesti lis\u00e4\u00e4ntyisi. Mit\u00e4 enemm\u00e4n hyvi\u00e4 tekoja tapahtuu, sit\u00e4 paremmin meill\u00e4 kaikilla menee ja sit\u00e4 helpommaksi el\u00e4misen teemme.<\/p>\n<\/div>\n<\/div>\n\n\n\n<div class=\"wp-block-columns alignwide is-layout-flex wp-container-core-columns-is-layout-9d6595d7 wp-block-columns-is-layout-flex\">\n<div class=\"wp-block-column is-layout-flow wp-block-column-is-layout-flow\" style=\"flex-basis:100%\">\n<p class=\"has-text-align-center has-large-font-size\"><strong><em>Jos my\u00f6s sin\u00e4 haluaisit olla mukana auttamassa ja tekem\u00e4ss\u00e4 hyv\u00e4\u00e4, ota yhteytt\u00e4: <\/em>haluanauttaa(at)auttamaan.fi<\/strong><\/p>\n\n\n\n<div class=\"wp-block-group\"><div class=\"wp-block-group__inner-container is-layout-flow wp-block-group-is-layout-flow\">\n<div class=\"wp-block-image is-style-default\"><figure class=\"alignleft size-medium is-resized\"><img loading=\"lazy\" decoding=\"async\" src=\"https:\/\/www.auttamaan.fi\/wp-content\/uploads\/2021\/08\/koyhyys-254x300.png\" alt=\"\" class=\"wp-image-30\" width=\"169\" height=\"200\" srcset=\"https:\/\/www.auttamaan.fi\/wp-content\/uploads\/2021\/08\/koyhyys-254x300.png 254w, https:\/\/www.auttamaan.fi\/wp-content\/uploads\/2021\/08\/koyhyys.png 288w\" sizes=\"auto, (max-width: 169px) 100vw, 169px\" \/><figcaption>Taloudellinen turvattomuus<\/figcaption><\/figure><\/div>\n\n\n\n<div class=\"wp-block-image is-style-default\"><figure class=\"alignright size-full is-resized\"><img loading=\"lazy\" decoding=\"async\" src=\"https:\/\/www.auttamaan.fi\/wp-content\/uploads\/2021\/08\/turvallisuus.jpg\" alt=\"\" class=\"wp-image-36\" width=\"315\" height=\"210\" srcset=\"https:\/\/www.auttamaan.fi\/wp-content\/uploads\/2021\/08\/turvallisuus.jpg 510w, https:\/\/www.auttamaan.fi\/wp-content\/uploads\/2021\/08\/turvallisuus-300x200.jpg 300w\" sizes=\"auto, (max-width: 315px) 100vw, 315px\" \/><figcaption>Fyysinen\/henkinen turvattomuus<\/figcaption><\/figure><\/div>\n<\/div><\/div>\n<\/div>\n<\/div>\n\n\n\n<div class=\"wp-block-columns alignwide is-layout-flex wp-container-core-columns-is-layout-9d6595d7 wp-block-columns-is-layout-flex\">\n<div class=\"wp-block-column is-layout-flow wp-block-column-is-layout-flow\" style=\"flex-basis:100%\">\n<p class=\"has-text-align-center\" style=\"font-size:40px\"><strong>TOIVOTTAVASTI VIIHDYT SIVUILLA!<\/strong><\/p>\n<\/div>\n<\/div>\n","protected":false},"excerpt":{"rendered":"<p>KOVASTI TERVETULOA SIVUILLE! N\u00e4iden sivujen avulla yritet\u00e4\u00e4n inspiroida, kannustaa ja motivoida ihmisi\u00e4 auttamaan ja tekem\u00e4\u00e4n hyvi\u00e4 tekoja. Samalla my\u00f6s ihan konkreettista k\u00e4yt\u00e4nn\u00f6n apua on tarjolla liittyen erityisesti talouteen ja turvallisuuteen liittyviin kysymyksiin. Sivuihin ei liity mink\u00e4\u00e4laisia taloudellisia intressej\u00e4 vaan kaikki tehd\u00e4\u00e4n puhtaasti auttamisen ilosta sek\u00e4 hyv\u00e4st\u00e4 tahdosta. Sivuston kautta saatu apu tai tuki menee siis [&hellip;]<\/p>\n","protected":false},"author":1,"featured_media":0,"parent":0,"menu_order":0,"comment_status":"closed","ping_status":"closed","template":"","meta":{"footnotes":""},"class_list":["post-208","page","type-page","status-publish","hentry"],"yoast_head":"<!-- This site is optimized with the Yoast SEO plugin v27.3 - https:\/\/yoast.com\/product\/yoast-seo-wordpress\/ -->\n<title>Autetaan yhdess\u00e4 - Autetaan yhdess&auml;<\/title>\n<meta name=\"description\" content=\"Tehd\u00e4\u00e4n yhdess\u00e4 maailmasta parempi paikka asua ja el\u00e4\u00e4. Panostetaan erityisesti l\u00e4hiauttamiseen ja vapaaehtoisty\u00f6h\u00f6n. Autetaan yhdess\u00e4!\" \/>\n<meta name=\"robots\" content=\"index, follow, max-snippet:-1, max-image-preview:large, max-video-preview:-1\" \/>\n<link rel=\"canonical\" href=\"https:\/\/www.auttamaan.fi\/\" \/>\n<meta property=\"og:locale\" content=\"fi_FI\" \/>\n<meta property=\"og:type\" content=\"article\" \/>\n<meta property=\"og:title\" content=\"Autetaan yhdess\u00e4 - Autetaan yhdess&auml;\" \/>\n<meta property=\"og:description\" content=\"Tehd\u00e4\u00e4n yhdess\u00e4 maailmasta parempi paikka asua ja el\u00e4\u00e4. Panostetaan erityisesti l\u00e4hiauttamiseen ja vapaaehtoisty\u00f6h\u00f6n. Autetaan yhdess\u00e4!\" \/>\n<meta property=\"og:url\" content=\"https:\/\/www.auttamaan.fi\/\" \/>\n<meta property=\"og:site_name\" content=\"Autetaan yhdess&auml;\" \/>\n<meta property=\"article:modified_time\" content=\"2022-05-12T15:10:11+00:00\" \/>\n<meta property=\"og:image\" content=\"https:\/\/www.auttamaan.fi\/wp-content\/uploads\/2021\/08\/rahattomuus.jpg\" \/>\n<meta name=\"twitter:card\" content=\"summary_large_image\" \/>\n<meta name=\"twitter:label1\" content=\"Arvioitu lukuaika\" \/>\n\t<meta name=\"twitter:data1\" content=\"2 minuuttia\" \/>\n<script type=\"application\/ld+json\" class=\"yoast-schema-graph\">{\"@context\":\"https:\\\/\\\/schema.org\",\"@graph\":[{\"@type\":\"WebPage\",\"@id\":\"https:\\\/\\\/www.auttamaan.fi\\\/\",\"url\":\"https:\\\/\\\/www.auttamaan.fi\\\/\",\"name\":\"Autetaan yhdess\u00e4 - Autetaan yhdess&auml;\",\"isPartOf\":{\"@id\":\"https:\\\/\\\/www.auttamaan.fi\\\/#website\"},\"primaryImageOfPage\":{\"@id\":\"https:\\\/\\\/www.auttamaan.fi\\\/#primaryimage\"},\"image\":{\"@id\":\"https:\\\/\\\/www.auttamaan.fi\\\/#primaryimage\"},\"thumbnailUrl\":\"https:\\\/\\\/www.auttamaan.fi\\\/wp-content\\\/uploads\\\/2021\\\/08\\\/rahattomuus.jpg\",\"datePublished\":\"2021-08-12T20:41:19+00:00\",\"dateModified\":\"2022-05-12T15:10:11+00:00\",\"description\":\"Tehd\u00e4\u00e4n yhdess\u00e4 maailmasta parempi paikka asua ja el\u00e4\u00e4. Panostetaan erityisesti l\u00e4hiauttamiseen ja vapaaehtoisty\u00f6h\u00f6n. Autetaan yhdess\u00e4!\",\"breadcrumb\":{\"@id\":\"https:\\\/\\\/www.auttamaan.fi\\\/#breadcrumb\"},\"inLanguage\":\"fi\",\"potentialAction\":[{\"@type\":\"ReadAction\",\"target\":[\"https:\\\/\\\/www.auttamaan.fi\\\/\"]}]},{\"@type\":\"ImageObject\",\"inLanguage\":\"fi\",\"@id\":\"https:\\\/\\\/www.auttamaan.fi\\\/#primaryimage\",\"url\":\"https:\\\/\\\/www.auttamaan.fi\\\/wp-content\\\/uploads\\\/2021\\\/08\\\/rahattomuus.jpg\",\"contentUrl\":\"https:\\\/\\\/www.auttamaan.fi\\\/wp-content\\\/uploads\\\/2021\\\/08\\\/rahattomuus.jpg\",\"width\":612,\"height\":407},{\"@type\":\"BreadcrumbList\",\"@id\":\"https:\\\/\\\/www.auttamaan.fi\\\/#breadcrumb\",\"itemListElement\":[{\"@type\":\"ListItem\",\"position\":1,\"name\":\"Etusivu\",\"item\":\"https:\\\/\\\/www.auttamaan.fi\\\/\"},{\"@type\":\"ListItem\",\"position\":2,\"name\":\"Autetaan yhdess\u00e4\"}]},{\"@type\":\"WebSite\",\"@id\":\"https:\\\/\\\/www.auttamaan.fi\\\/#website\",\"url\":\"https:\\\/\\\/www.auttamaan.fi\\\/\",\"name\":\"Autetaan yhdess\u00e4\",\"description\":\"Ep&auml;itsekkyys kunniaan!\",\"publisher\":{\"@id\":\"https:\\\/\\\/www.auttamaan.fi\\\/#\\\/schema\\\/person\\\/3a3b34aa2951c21887d3ff9a31bec146\"},\"potentialAction\":[{\"@type\":\"SearchAction\",\"target\":{\"@type\":\"EntryPoint\",\"urlTemplate\":\"https:\\\/\\\/www.auttamaan.fi\\\/?s={search_term_string}\"},\"query-input\":{\"@type\":\"PropertyValueSpecification\",\"valueRequired\":true,\"valueName\":\"search_term_string\"}}],\"inLanguage\":\"fi\"},{\"@type\":[\"Person\",\"Organization\"],\"@id\":\"https:\\\/\\\/www.auttamaan.fi\\\/#\\\/schema\\\/person\\\/3a3b34aa2951c21887d3ff9a31bec146\",\"name\":\"admin\",\"image\":{\"@type\":\"ImageObject\",\"inLanguage\":\"fi\",\"@id\":\"https:\\\/\\\/secure.gravatar.com\\\/avatar\\\/00e9410861902e19f4836db60c4b50309449416b5ce1e29b3edd56d00281d8a6?s=96&d=mm&r=g\",\"url\":\"https:\\\/\\\/secure.gravatar.com\\\/avatar\\\/00e9410861902e19f4836db60c4b50309449416b5ce1e29b3edd56d00281d8a6?s=96&d=mm&r=g\",\"contentUrl\":\"https:\\\/\\\/secure.gravatar.com\\\/avatar\\\/00e9410861902e19f4836db60c4b50309449416b5ce1e29b3edd56d00281d8a6?s=96&d=mm&r=g\",\"caption\":\"admin\"},\"logo\":{\"@id\":\"https:\\\/\\\/secure.gravatar.com\\\/avatar\\\/00e9410861902e19f4836db60c4b50309449416b5ce1e29b3edd56d00281d8a6?s=96&d=mm&r=g\"},\"description\":\"Auttaminen ja hyv\u00e4ntekeminen ovat l\u00e4hell\u00e4 syd\u00e4nt\u00e4, joten n\u00e4iden sivujen avulla sit\u00e4 p\u00e4\u00e4see mahdollisesti toteuttamaan laajemminkin.\",\"sameAs\":[\"https:\\\/\\\/www.auttamaan.fi\"]}]}<\/script>\n<!-- \/ Yoast SEO plugin. -->","yoast_head_json":{"title":"Autetaan yhdess\u00e4 - Autetaan yhdess&auml;","description":"Tehd\u00e4\u00e4n yhdess\u00e4 maailmasta parempi paikka asua ja el\u00e4\u00e4. Panostetaan erityisesti l\u00e4hiauttamiseen ja vapaaehtoisty\u00f6h\u00f6n. Autetaan yhdess\u00e4!","robots":{"index":"index","follow":"follow","max-snippet":"max-snippet:-1","max-image-preview":"max-image-preview:large","max-video-preview":"max-video-preview:-1"},"canonical":"https:\/\/www.auttamaan.fi\/","og_locale":"fi_FI","og_type":"article","og_title":"Autetaan yhdess\u00e4 - Autetaan yhdess&auml;","og_description":"Tehd\u00e4\u00e4n yhdess\u00e4 maailmasta parempi paikka asua ja el\u00e4\u00e4. Panostetaan erityisesti l\u00e4hiauttamiseen ja vapaaehtoisty\u00f6h\u00f6n. Autetaan yhdess\u00e4!","og_url":"https:\/\/www.auttamaan.fi\/","og_site_name":"Autetaan yhdess&auml;","article_modified_time":"2022-05-12T15:10:11+00:00","og_image":[{"url":"https:\/\/www.auttamaan.fi\/wp-content\/uploads\/2021\/08\/rahattomuus.jpg","type":"","width":"","height":""}],"twitter_card":"summary_large_image","twitter_misc":{"Arvioitu lukuaika":"2 minuuttia"},"schema":{"@context":"https:\/\/schema.org","@graph":[{"@type":"WebPage","@id":"https:\/\/www.auttamaan.fi\/","url":"https:\/\/www.auttamaan.fi\/","name":"Autetaan yhdess\u00e4 - Autetaan yhdess&auml;","isPartOf":{"@id":"https:\/\/www.auttamaan.fi\/#website"},"primaryImageOfPage":{"@id":"https:\/\/www.auttamaan.fi\/#primaryimage"},"image":{"@id":"https:\/\/www.auttamaan.fi\/#primaryimage"},"thumbnailUrl":"https:\/\/www.auttamaan.fi\/wp-content\/uploads\/2021\/08\/rahattomuus.jpg","datePublished":"2021-08-12T20:41:19+00:00","dateModified":"2022-05-12T15:10:11+00:00","description":"Tehd\u00e4\u00e4n yhdess\u00e4 maailmasta parempi paikka asua ja el\u00e4\u00e4. Panostetaan erityisesti l\u00e4hiauttamiseen ja vapaaehtoisty\u00f6h\u00f6n. Autetaan yhdess\u00e4!","breadcrumb":{"@id":"https:\/\/www.auttamaan.fi\/#breadcrumb"},"inLanguage":"fi","potentialAction":[{"@type":"ReadAction","target":["https:\/\/www.auttamaan.fi\/"]}]},{"@type":"ImageObject","inLanguage":"fi","@id":"https:\/\/www.auttamaan.fi\/#primaryimage","url":"https:\/\/www.auttamaan.fi\/wp-content\/uploads\/2021\/08\/rahattomuus.jpg","contentUrl":"https:\/\/www.auttamaan.fi\/wp-content\/uploads\/2021\/08\/rahattomuus.jpg","width":612,"height":407},{"@type":"BreadcrumbList","@id":"https:\/\/www.auttamaan.fi\/#breadcrumb","itemListElement":[{"@type":"ListItem","position":1,"name":"Etusivu","item":"https:\/\/www.auttamaan.fi\/"},{"@type":"ListItem","position":2,"name":"Autetaan yhdess\u00e4"}]},{"@type":"WebSite","@id":"https:\/\/www.auttamaan.fi\/#website","url":"https:\/\/www.auttamaan.fi\/","name":"Autetaan yhdess\u00e4","description":"Ep&auml;itsekkyys kunniaan!","publisher":{"@id":"https:\/\/www.auttamaan.fi\/#\/schema\/person\/3a3b34aa2951c21887d3ff9a31bec146"},"potentialAction":[{"@type":"SearchAction","target":{"@type":"EntryPoint","urlTemplate":"https:\/\/www.auttamaan.fi\/?s={search_term_string}"},"query-input":{"@type":"PropertyValueSpecification","valueRequired":true,"valueName":"search_term_string"}}],"inLanguage":"fi"},{"@type":["Person","Organization"],"@id":"https:\/\/www.auttamaan.fi\/#\/schema\/person\/3a3b34aa2951c21887d3ff9a31bec146","name":"admin","image":{"@type":"ImageObject","inLanguage":"fi","@id":"https:\/\/secure.gravatar.com\/avatar\/00e9410861902e19f4836db60c4b50309449416b5ce1e29b3edd56d00281d8a6?s=96&d=mm&r=g","url":"https:\/\/secure.gravatar.com\/avatar\/00e9410861902e19f4836db60c4b50309449416b5ce1e29b3edd56d00281d8a6?s=96&d=mm&r=g","contentUrl":"https:\/\/secure.gravatar.com\/avatar\/00e9410861902e19f4836db60c4b50309449416b5ce1e29b3edd56d00281d8a6?s=96&d=mm&r=g","caption":"admin"},"logo":{"@id":"https:\/\/secure.gravatar.com\/avatar\/00e9410861902e19f4836db60c4b50309449416b5ce1e29b3edd56d00281d8a6?s=96&d=mm&r=g"},"description":"Auttaminen ja hyv\u00e4ntekeminen ovat l\u00e4hell\u00e4 syd\u00e4nt\u00e4, joten n\u00e4iden sivujen avulla sit\u00e4 p\u00e4\u00e4see mahdollisesti toteuttamaan laajemminkin.","sameAs":["https:\/\/www.auttamaan.fi"]}]}},"_links":{"self":[{"href":"https:\/\/www.auttamaan.fi\/index.php?rest_route=\/wp\/v2\/pages\/208","targetHints":{"allow":["GET"]}}],"collection":[{"href":"https:\/\/www.auttamaan.fi\/index.php?rest_route=\/wp\/v2\/pages"}],"about":[{"href":"https:\/\/www.auttamaan.fi\/index.php?rest_route=\/wp\/v2\/types\/page"}],"author":[{"embeddable":true,"href":"https:\/\/www.auttamaan.fi\/index.php?rest_route=\/wp\/v2\/users\/1"}],"replies":[{"embeddable":true,"href":"https:\/\/www.auttamaan.fi\/index.php?rest_route=%2Fwp%2Fv2%2Fcomments&post=208"}],"version-history":[{"count":11,"href":"https:\/\/www.auttamaan.fi\/index.php?rest_route=\/wp\/v2\/pages\/208\/revisions"}],"predecessor-version":[{"id":387,"href":"https:\/\/www.auttamaan.fi\/index.php?rest_route=\/wp\/v2\/pages\/208\/revisions\/387"}],"wp:attachment":[{"href":"https:\/\/www.auttamaan.fi\/index.php?rest_route=%2Fwp%2Fv2%2Fmedia&parent=208"}],"curies":[{"name":"wp","href":"https:\/\/api.w.org\/{rel}","templated":true}]}}