{"id":65,"date":"2021-08-11T22:52:20","date_gmt":"2021-08-11T19:52:20","guid":{"rendered":"https:\/\/www.auttamaan.fi\/?page_id=65"},"modified":"2023-04-15T19:26:38","modified_gmt":"2023-04-15T16:26:38","slug":"auttaminen-ja-hyvantekeminen","status":"publish","type":"page","link":"https:\/\/www.auttamaan.fi\/?page_id=65","title":{"rendered":"Auttaminen ja hyv\u00e4ntekeminen"},"content":{"rendered":"\n<div class=\"wp-block-columns alignwide is-layout-flex wp-container-core-columns-is-layout-9d6595d7 wp-block-columns-is-layout-flex\">\n<div class=\"wp-block-column is-layout-flow wp-block-column-is-layout-flow\" style=\"flex-basis:100%\"><div class=\"wp-block-image is-style-default\">\n<figure class=\"aligncenter size-large\"><img loading=\"lazy\" decoding=\"async\" width=\"1024\" height=\"673\" src=\"https:\/\/www.auttamaan.fi\/wp-content\/uploads\/2021\/08\/autetaan-1024x673.webp\" alt=\"\" class=\"wp-image-304\" srcset=\"https:\/\/www.auttamaan.fi\/wp-content\/uploads\/2021\/08\/autetaan-1024x673.webp 1024w, https:\/\/www.auttamaan.fi\/wp-content\/uploads\/2021\/08\/autetaan-300x197.webp 300w, https:\/\/www.auttamaan.fi\/wp-content\/uploads\/2021\/08\/autetaan-150x99.webp 150w, https:\/\/www.auttamaan.fi\/wp-content\/uploads\/2021\/08\/autetaan-768x505.webp 768w, https:\/\/www.auttamaan.fi\/wp-content\/uploads\/2021\/08\/autetaan.webp 1061w\" sizes=\"auto, (max-width: 1024px) 100vw, 1024px\" \/><figcaption class=\"wp-element-caption\">V\u00e4h\u00e4varaisen el\u00e4m\u00e4\u00e4<\/figcaption><\/figure>\n<\/div>\n\n\n<p class=\"has-text-align-center has-normal-font-size\">Valitettavasti rahan merkitys tuntuu nykyp\u00e4iv\u00e4n\u00e4 korostuneen jo liikaakin. Kaikki asiat mietit\u00e4\u00e4n, suunnitellaan ja mitataan ainoastaan rahan ja talouden kautta tai rahan ja talouden n\u00e4k\u00f6kulmasta inhimillisyyden ja terveyden sijaan. Se entivanhainen kulttuuri, jossa naapuria autettiin ja jossa naapurilta k\u00e4ytiin lainaamassa esimerkiksi leipomiseen tai vaikkapa pihat\u00f6ihin liittyv\u00e4\u00e4 tavaraa, on h\u00e4vinnyt jo l\u00e4hes kokonaan. Nyky\u00e4\u00e4n ei en\u00e4\u00e4 lainata vaan ajatellaan helposti heti rahaa ja ajatellaan, ett\u00e4 kyll\u00e4 asioista sek\u00e4 tavaroista pit\u00e4\u00e4 tietysti maksaa jotain tai kyll\u00e4 ne on v\u00e4hint\u00e4\u00e4nkin vuokrattava lainaamiseen sijaan. Ik\u00e4v\u00e4 ja surullinen suuntaus, mink\u00e4 muuttamiseen meit\u00e4 kaikkia tarvitaan!<\/p>\n<\/div>\n<\/div>\n\n\n\n<div class=\"wp-block-columns alignwide is-layout-flex wp-container-core-columns-is-layout-9d6595d7 wp-block-columns-is-layout-flex\">\n<div class=\"wp-block-column is-layout-flow wp-block-column-is-layout-flow\" style=\"flex-basis:100%\">\n<p class=\"has-text-align-center has-large-font-size\"><u><strong><em>Ei siis aina olla vaatimassa rahaa vaan lainataan tai jopa annetaan asioita eteenp\u00e4in ilman mit\u00e4\u00e4n vaatimuksia. Varsinkin jollekin huonompiosaiselle t\u00e4llainen apu voi olla l\u00e4hes korvaamatonta.<\/em><\/strong><\/u><\/p>\n<\/div>\n<\/div>\n\n\n\n<div class=\"wp-block-columns alignwide is-layout-flex wp-container-core-columns-is-layout-9d6595d7 wp-block-columns-is-layout-flex\">\n<div class=\"wp-block-column is-layout-flow wp-block-column-is-layout-flow\" style=\"flex-basis:100%\">\n<p class=\"has-text-align-center has-normal-font-size\">Emme useinkaan osaa edes arvata, miten vaikea tilanne kanssaihmisill\u00e4mme voi olla. Helpotetaan siis ymp\u00e4rill\u00e4mme olevien ihmisten el\u00e4m\u00e4\u00e4 tarjoamalla apua sek\u00e4 olemalla yst\u00e4v\u00e4llisi\u00e4 toinen toisillemme. Eik\u00e4 sen avun aina tarvitse olla mit\u00e4\u00e4n suurta vaan usein pienetkin teot riitt\u00e4v\u00e4t. Voidaan esimerkiksi auttaa huonosti liikkuvan \/ paljon tavaraa kantavan ihmisen ovesta sis\u00e4\u00e4n\/ulos tai auttaa huonosti liikkuvan \/ lastenrattaiden kanssa etenev\u00e4n linja-autoon sis\u00e4\u00e4n\/ulos tai pys\u00e4hty\u00e4 ja tarjota apua tien varteen j\u00e4\u00e4neelle autoilijalle tai maksaa jossakin sopivassa tilanteessa jonkun kanssaihmisen laskun tai jotain muuta vastaavaa.<\/p>\n<\/div>\n<\/div>\n\n\n\n<div class=\"wp-block-columns alignwide is-layout-flex wp-container-core-columns-is-layout-9d6595d7 wp-block-columns-is-layout-flex\">\n<div class=\"wp-block-column is-layout-flow wp-block-column-is-layout-flow\" style=\"flex-basis:100%\">\n<p class=\"has-text-align-center has-large-font-size\"><strong><u><em>Jokin yksitt\u00e4inen apu tai yst\u00e4v\u00e4llinen teko saattaa jonkun el\u00e4m\u00e4ss\u00e4 olla yksi niist\u00e4 asioista, joiden avulla h\u00e4n jaksaa tai p\u00e4\u00e4see el\u00e4m\u00e4ss\u00e4 eteenp\u00e4in.<\/em><\/u><\/strong><\/p>\n<\/div>\n<\/div>\n\n\n\n<div class=\"wp-block-columns alignwide is-layout-flex wp-container-core-columns-is-layout-9d6595d7 wp-block-columns-is-layout-flex\">\n<div class=\"wp-block-column is-layout-flow wp-block-column-is-layout-flow\" style=\"flex-basis:100%\">\n<h2 class=\"wp-block-heading has-text-align-center has-larger-font-size\"><strong><a href=\"https:\/\/www.auttamaan.fi\/?page_id=84\" target=\"_blank\" rel=\"noreferrer noopener\">Auttaminen astetta pidemm\u00e4lle<\/a><\/strong><\/h2>\n<\/div>\n<\/div>\n\n\n\n<div class=\"wp-block-columns alignwide is-layout-flex wp-container-core-columns-is-layout-9d6595d7 wp-block-columns-is-layout-flex\">\n<div class=\"wp-block-column is-layout-flow wp-block-column-is-layout-flow\" style=\"flex-basis:100%\">\n<p class=\"has-text-align-center has-normal-font-size\">Jokainen meist\u00e4 kokee el\u00e4m\u00e4n aikana paljon erilaisia asioita, osa enemm\u00e4n ja osa v\u00e4hemm\u00e4n miellytt\u00e4vi\u00e4. Suurella osalla asiat ovat hyvin eli positiivia asioita on enemm\u00e4n kuin negatiivisia, mutta joidenkin kohdalla koettelemuksia ja vastoink\u00e4ymisi\u00e4 tulee sen verran runsaasti, ett\u00e4 el\u00e4minen alkaa tuntua ylivoimaiselta tai joissain tapauksissa jopa mahdottomalta.<\/p>\n<\/div>\n<\/div>\n\n\n<div class=\"wp-block-image\">\n<figure class=\"aligncenter size-full\"><img loading=\"lazy\" decoding=\"async\" width=\"888\" height=\"750\" src=\"https:\/\/www.auttamaan.fi\/wp-content\/uploads\/2021\/08\/autetaan-toisiamme.jpeg\" alt=\"\" class=\"wp-image-331\" srcset=\"https:\/\/www.auttamaan.fi\/wp-content\/uploads\/2021\/08\/autetaan-toisiamme.jpeg 888w, https:\/\/www.auttamaan.fi\/wp-content\/uploads\/2021\/08\/autetaan-toisiamme-300x253.jpeg 300w, https:\/\/www.auttamaan.fi\/wp-content\/uploads\/2021\/08\/autetaan-toisiamme-150x127.jpeg 150w, https:\/\/www.auttamaan.fi\/wp-content\/uploads\/2021\/08\/autetaan-toisiamme-768x649.jpeg 768w\" sizes=\"auto, (max-width: 888px) 100vw, 888px\" \/><figcaption class=\"wp-element-caption\">Erilaisten ongelmien sek\u00e4 vaikeuksien kanssa el\u00e4minen voi olla haastavaa<\/figcaption><\/figure>\n<\/div>\n\n\n<div class=\"wp-block-columns alignwide is-layout-flex wp-container-core-columns-is-layout-9d6595d7 wp-block-columns-is-layout-flex\">\n<div class=\"wp-block-column is-layout-flow wp-block-column-is-layout-flow\" style=\"flex-basis:100%\">\n<p class=\"has-text-align-center has-normal-font-size\">T\u00e4h\u00e4n ep\u00e4toivoiseen tilanteeseen ajaudutaan yleens\u00e4, koska jokin tai jotkin <a href=\"https:\/\/fi.wikipedia.org\/wiki\/Maslow%E2%80%99n_tarvehierarkia\" target=\"_blank\" rel=\"noreferrer noopener\">ihmisen perustarpeista<\/a> ovat j\u00e4\u00e4neet toteutumatta\/t\u00e4yttym\u00e4tt\u00e4. Erityisesti fyysiseen, henkiseen tai taloudelliseen turvallisuuteen liittyv\u00e4t asiat korostuvat usein erilaisten ongelmien kohdalla. Ihmisen perusel\u00e4minen saattaa olla helposti hyvinkin haastavaa tai vaikeaa, mik\u00e4li n\u00e4iss\u00e4 on pient\u00e4k\u00e4\u00e4n ongelmaa. Ongelmien keskell\u00e4 ihminen on yleens\u00e4 heikoimmillaan ja tarvitsee luultavasti apua. T\u00e4m\u00e4n vuoksi on erityisen t\u00e4rke\u00e4\u00e4, ett\u00e4 l\u00e4hdemme konkreettisesti liikkeelle tarjoamaan kanssaihmisille apua ja tukea.<\/p>\n<\/div>\n<\/div>\n\n\n\n<div class=\"wp-block-columns alignwide is-layout-flex wp-container-core-columns-is-layout-9d6595d7 wp-block-columns-is-layout-flex\">\n<div class=\"wp-block-column is-layout-flow wp-block-column-is-layout-flow\" style=\"flex-basis:100%\">\n<p class=\"has-text-align-center has-normal-font-size\">Valitettavan usein erityisesti turvallisuuteen liittyviss\u00e4 tilanteissa ihmisen voimavarat sek\u00e4 resurssit ovat kuitenkin sen verran v\u00e4hiss\u00e4, ettei avun pyyt\u00e4misest\u00e4 tai sen saamisesta tahdo tulla mit\u00e4\u00e4n. Voi olla, ett\u00e4 avun pyyt\u00e4minen h\u00e4vett\u00e4\u00e4 tai voimia avun pyyt\u00e4miseen ei ole tai usko avun saamiseen on h\u00e4vinnyt tai ei v\u00e4ltt\u00e4m\u00e4tt\u00e4 tiedet\u00e4 mist\u00e4 apua voisi edes pyyt\u00e4\u00e4. Lis\u00e4ksi voi olla, ett\u00e4 avun saaminen vaatisi taloudellista p\u00e4\u00e4omaa (raha kun pakkaa sanelemaan aivan kaikessa) ja joskus avun saaminen saattaa vaatia my\u00f6s paljon voimavaroja byrokratian vuoksi (paljon tarvittavia asiakirjoja sek\u00e4 paljon selityksi\u00e4\/selvityksi\u00e4 sek\u00e4 mahdollisesti monessa eri paikassa asiointia ja ramppaamista).<\/p>\n<\/div>\n<\/div>\n\n\n<div class=\"wp-block-image\">\n<figure class=\"aligncenter size-large\"><img loading=\"lazy\" decoding=\"async\" width=\"1024\" height=\"683\" src=\"https:\/\/www.auttamaan.fi\/wp-content\/uploads\/2021\/08\/annetaan-1024x683.webp\" alt=\"\" class=\"wp-image-308\" srcset=\"https:\/\/www.auttamaan.fi\/wp-content\/uploads\/2021\/08\/annetaan-1024x683.webp 1024w, https:\/\/www.auttamaan.fi\/wp-content\/uploads\/2021\/08\/annetaan-300x200.webp 300w, https:\/\/www.auttamaan.fi\/wp-content\/uploads\/2021\/08\/annetaan-150x100.webp 150w, https:\/\/www.auttamaan.fi\/wp-content\/uploads\/2021\/08\/annetaan-768x512.webp 768w, https:\/\/www.auttamaan.fi\/wp-content\/uploads\/2021\/08\/annetaan.webp 1050w\" sizes=\"auto, (max-width: 1024px) 100vw, 1024px\" \/><figcaption class=\"wp-element-caption\">Konkreettisia tekoja<\/figcaption><\/figure>\n<\/div>\n\n\n<div class=\"wp-block-columns alignwide is-layout-flex wp-container-core-columns-is-layout-9d6595d7 wp-block-columns-is-layout-flex\">\n<div class=\"wp-block-column is-layout-flow wp-block-column-is-layout-flow\" style=\"flex-basis:100%\">\n<p class=\"has-text-align-center has-normal-font-size\">Luultavasti paras ratkaisu t\u00e4llaiseen tilanteeseen on tavallaan rinnalla kulkija tai tukihenkil\u00f6 eli joku, joka auttaa saamaan asiat j\u00e4rjestykseen ja auttaa hoitamaan tarvittavat asiat kuntoon. T\u00e4m\u00e4n auttajan avulla huono kierre saadaan helpommin pys\u00e4ytetty\u00e4 ja avun tarvitsija p\u00e4\u00e4see mahdollisesti jatkamaan el\u00e4m\u00e4\u00e4ns\u00e4 paremmassa ja tasapainoisemmassa tilanteessa eteenp\u00e4in. T\u00e4rkeint\u00e4 olisi saada se huono kierre katkaistua mahdollisimman nopeasti.<\/p>\n\n\n\n<p class=\"has-text-align-center has-normal-font-size\">Auttajan rooli ei v\u00e4ltt\u00e4m\u00e4tt\u00e4 vaadi kovinkaan paljoa aikaa eik\u00e4 vaivaa. Joskus asioiden rullaamiseksi tarvitaan vain henkist\u00e4 tukea ja kannustusta. Auttaja voi olla apuna esimerkiksi viem\u00e4ss\u00e4 avun tarvitsijaa paikasta toiseen tai voi olla apuna j\u00e4rjestelem\u00e4ss\u00e4 asioita tai t\u00e4ytt\u00e4m\u00e4ss\u00e4 tarvittavia asiakirjoja tai maksamassa tarvittavia maksuja ja niin edelleen.<\/p>\n<\/div>\n<\/div>\n","protected":false},"excerpt":{"rendered":"<p>Valitettavasti rahan merkitys tuntuu nykyp\u00e4iv\u00e4n\u00e4 korostuneen jo liikaakin. Kaikki asiat mietit\u00e4\u00e4n, suunnitellaan ja mitataan ainoastaan rahan ja talouden kautta tai rahan ja talouden n\u00e4k\u00f6kulmasta inhimillisyyden ja terveyden sijaan. Se entivanhainen kulttuuri, jossa naapuria autettiin ja jossa naapurilta k\u00e4ytiin lainaamassa esimerkiksi leipomiseen tai vaikkapa pihat\u00f6ihin liittyv\u00e4\u00e4 tavaraa, on h\u00e4vinnyt jo l\u00e4hes kokonaan. Nyky\u00e4\u00e4n ei en\u00e4\u00e4 lainata [&hellip;]<\/p>\n","protected":false},"author":1,"featured_media":0,"parent":0,"menu_order":0,"comment_status":"closed","ping_status":"closed","template":"","meta":{"footnotes":""},"class_list":["post-65","page","type-page","status-publish","hentry"],"yoast_head":"<!-- This site is optimized with the Yoast SEO plugin v27.3 - https:\/\/yoast.com\/product\/yoast-seo-wordpress\/ -->\n<title>Auttaminen ja hyv\u00e4ntekeminen - Autetaan yhdess&auml;<\/title>\n<meta name=\"description\" content=\"Auttaminen ja hyv\u00e4ntekeminen ovat oleellisia asioita, kun puhutaan ongelmien keskell\u00e4 kamppailevasta tai painiskelevasta ihmisest\u00e4.\" \/>\n<meta name=\"robots\" content=\"index, follow, max-snippet:-1, max-image-preview:large, max-video-preview:-1\" \/>\n<link rel=\"canonical\" href=\"https:\/\/www.auttamaan.fi\/?page_id=65\" \/>\n<meta property=\"og:locale\" content=\"fi_FI\" \/>\n<meta property=\"og:type\" content=\"article\" \/>\n<meta property=\"og:title\" content=\"Auttaminen ja hyv\u00e4ntekeminen - Autetaan yhdess&auml;\" \/>\n<meta property=\"og:description\" content=\"Auttaminen ja hyv\u00e4ntekeminen ovat oleellisia asioita, kun puhutaan ongelmien keskell\u00e4 kamppailevasta tai painiskelevasta ihmisest\u00e4.\" \/>\n<meta property=\"og:url\" content=\"https:\/\/www.auttamaan.fi\/?page_id=65\" \/>\n<meta property=\"og:site_name\" content=\"Autetaan yhdess&auml;\" \/>\n<meta property=\"article:modified_time\" content=\"2023-04-15T16:26:38+00:00\" \/>\n<meta property=\"og:image\" content=\"https:\/\/www.auttamaan.fi\/wp-content\/uploads\/2021\/08\/autetaan-1024x673.webp\" \/>\n<meta name=\"twitter:card\" content=\"summary_large_image\" \/>\n<meta name=\"twitter:label1\" content=\"Arvioitu lukuaika\" \/>\n\t<meta name=\"twitter:data1\" content=\"4 minuuttia\" \/>\n<script type=\"application\/ld+json\" class=\"yoast-schema-graph\">{\"@context\":\"https:\\\/\\\/schema.org\",\"@graph\":[{\"@type\":\"WebPage\",\"@id\":\"https:\\\/\\\/www.auttamaan.fi\\\/?page_id=65\",\"url\":\"https:\\\/\\\/www.auttamaan.fi\\\/?page_id=65\",\"name\":\"Auttaminen ja hyv\u00e4ntekeminen - Autetaan yhdess&auml;\",\"isPartOf\":{\"@id\":\"https:\\\/\\\/www.auttamaan.fi\\\/#website\"},\"primaryImageOfPage\":{\"@id\":\"https:\\\/\\\/www.auttamaan.fi\\\/?page_id=65#primaryimage\"},\"image\":{\"@id\":\"https:\\\/\\\/www.auttamaan.fi\\\/?page_id=65#primaryimage\"},\"thumbnailUrl\":\"https:\\\/\\\/www.auttamaan.fi\\\/wp-content\\\/uploads\\\/2021\\\/08\\\/autetaan-1024x673.webp\",\"datePublished\":\"2021-08-11T19:52:20+00:00\",\"dateModified\":\"2023-04-15T16:26:38+00:00\",\"description\":\"Auttaminen ja hyv\u00e4ntekeminen ovat oleellisia asioita, kun puhutaan ongelmien keskell\u00e4 kamppailevasta tai painiskelevasta ihmisest\u00e4.\",\"breadcrumb\":{\"@id\":\"https:\\\/\\\/www.auttamaan.fi\\\/?page_id=65#breadcrumb\"},\"inLanguage\":\"fi\",\"potentialAction\":[{\"@type\":\"ReadAction\",\"target\":[\"https:\\\/\\\/www.auttamaan.fi\\\/?page_id=65\"]}]},{\"@type\":\"ImageObject\",\"inLanguage\":\"fi\",\"@id\":\"https:\\\/\\\/www.auttamaan.fi\\\/?page_id=65#primaryimage\",\"url\":\"https:\\\/\\\/www.auttamaan.fi\\\/wp-content\\\/uploads\\\/2021\\\/08\\\/autetaan-1024x673.webp\",\"contentUrl\":\"https:\\\/\\\/www.auttamaan.fi\\\/wp-content\\\/uploads\\\/2021\\\/08\\\/autetaan-1024x673.webp\"},{\"@type\":\"BreadcrumbList\",\"@id\":\"https:\\\/\\\/www.auttamaan.fi\\\/?page_id=65#breadcrumb\",\"itemListElement\":[{\"@type\":\"ListItem\",\"position\":1,\"name\":\"Etusivu\",\"item\":\"https:\\\/\\\/www.auttamaan.fi\\\/\"},{\"@type\":\"ListItem\",\"position\":2,\"name\":\"Auttaminen ja hyv\u00e4ntekeminen\"}]},{\"@type\":\"WebSite\",\"@id\":\"https:\\\/\\\/www.auttamaan.fi\\\/#website\",\"url\":\"https:\\\/\\\/www.auttamaan.fi\\\/\",\"name\":\"Autetaan yhdess\u00e4\",\"description\":\"Ep&auml;itsekkyys kunniaan!\",\"publisher\":{\"@id\":\"https:\\\/\\\/www.auttamaan.fi\\\/#\\\/schema\\\/person\\\/3a3b34aa2951c21887d3ff9a31bec146\"},\"potentialAction\":[{\"@type\":\"SearchAction\",\"target\":{\"@type\":\"EntryPoint\",\"urlTemplate\":\"https:\\\/\\\/www.auttamaan.fi\\\/?s={search_term_string}\"},\"query-input\":{\"@type\":\"PropertyValueSpecification\",\"valueRequired\":true,\"valueName\":\"search_term_string\"}}],\"inLanguage\":\"fi\"},{\"@type\":[\"Person\",\"Organization\"],\"@id\":\"https:\\\/\\\/www.auttamaan.fi\\\/#\\\/schema\\\/person\\\/3a3b34aa2951c21887d3ff9a31bec146\",\"name\":\"admin\",\"image\":{\"@type\":\"ImageObject\",\"inLanguage\":\"fi\",\"@id\":\"https:\\\/\\\/secure.gravatar.com\\\/avatar\\\/00e9410861902e19f4836db60c4b50309449416b5ce1e29b3edd56d00281d8a6?s=96&d=mm&r=g\",\"url\":\"https:\\\/\\\/secure.gravatar.com\\\/avatar\\\/00e9410861902e19f4836db60c4b50309449416b5ce1e29b3edd56d00281d8a6?s=96&d=mm&r=g\",\"contentUrl\":\"https:\\\/\\\/secure.gravatar.com\\\/avatar\\\/00e9410861902e19f4836db60c4b50309449416b5ce1e29b3edd56d00281d8a6?s=96&d=mm&r=g\",\"caption\":\"admin\"},\"logo\":{\"@id\":\"https:\\\/\\\/secure.gravatar.com\\\/avatar\\\/00e9410861902e19f4836db60c4b50309449416b5ce1e29b3edd56d00281d8a6?s=96&d=mm&r=g\"},\"description\":\"Auttaminen ja hyv\u00e4ntekeminen ovat l\u00e4hell\u00e4 syd\u00e4nt\u00e4, joten n\u00e4iden sivujen avulla sit\u00e4 p\u00e4\u00e4see mahdollisesti toteuttamaan laajemminkin.\",\"sameAs\":[\"https:\\\/\\\/www.auttamaan.fi\"]}]}<\/script>\n<!-- \/ Yoast SEO plugin. -->","yoast_head_json":{"title":"Auttaminen ja hyv\u00e4ntekeminen - Autetaan yhdess&auml;","description":"Auttaminen ja hyv\u00e4ntekeminen ovat oleellisia asioita, kun puhutaan ongelmien keskell\u00e4 kamppailevasta tai painiskelevasta ihmisest\u00e4.","robots":{"index":"index","follow":"follow","max-snippet":"max-snippet:-1","max-image-preview":"max-image-preview:large","max-video-preview":"max-video-preview:-1"},"canonical":"https:\/\/www.auttamaan.fi\/?page_id=65","og_locale":"fi_FI","og_type":"article","og_title":"Auttaminen ja hyv\u00e4ntekeminen - Autetaan yhdess&auml;","og_description":"Auttaminen ja hyv\u00e4ntekeminen ovat oleellisia asioita, kun puhutaan ongelmien keskell\u00e4 kamppailevasta tai painiskelevasta ihmisest\u00e4.","og_url":"https:\/\/www.auttamaan.fi\/?page_id=65","og_site_name":"Autetaan yhdess&auml;","article_modified_time":"2023-04-15T16:26:38+00:00","og_image":[{"url":"https:\/\/www.auttamaan.fi\/wp-content\/uploads\/2021\/08\/autetaan-1024x673.webp","type":"","width":"","height":""}],"twitter_card":"summary_large_image","twitter_misc":{"Arvioitu lukuaika":"4 minuuttia"},"schema":{"@context":"https:\/\/schema.org","@graph":[{"@type":"WebPage","@id":"https:\/\/www.auttamaan.fi\/?page_id=65","url":"https:\/\/www.auttamaan.fi\/?page_id=65","name":"Auttaminen ja hyv\u00e4ntekeminen - Autetaan yhdess&auml;","isPartOf":{"@id":"https:\/\/www.auttamaan.fi\/#website"},"primaryImageOfPage":{"@id":"https:\/\/www.auttamaan.fi\/?page_id=65#primaryimage"},"image":{"@id":"https:\/\/www.auttamaan.fi\/?page_id=65#primaryimage"},"thumbnailUrl":"https:\/\/www.auttamaan.fi\/wp-content\/uploads\/2021\/08\/autetaan-1024x673.webp","datePublished":"2021-08-11T19:52:20+00:00","dateModified":"2023-04-15T16:26:38+00:00","description":"Auttaminen ja hyv\u00e4ntekeminen ovat oleellisia asioita, kun puhutaan ongelmien keskell\u00e4 kamppailevasta tai painiskelevasta ihmisest\u00e4.","breadcrumb":{"@id":"https:\/\/www.auttamaan.fi\/?page_id=65#breadcrumb"},"inLanguage":"fi","potentialAction":[{"@type":"ReadAction","target":["https:\/\/www.auttamaan.fi\/?page_id=65"]}]},{"@type":"ImageObject","inLanguage":"fi","@id":"https:\/\/www.auttamaan.fi\/?page_id=65#primaryimage","url":"https:\/\/www.auttamaan.fi\/wp-content\/uploads\/2021\/08\/autetaan-1024x673.webp","contentUrl":"https:\/\/www.auttamaan.fi\/wp-content\/uploads\/2021\/08\/autetaan-1024x673.webp"},{"@type":"BreadcrumbList","@id":"https:\/\/www.auttamaan.fi\/?page_id=65#breadcrumb","itemListElement":[{"@type":"ListItem","position":1,"name":"Etusivu","item":"https:\/\/www.auttamaan.fi\/"},{"@type":"ListItem","position":2,"name":"Auttaminen ja hyv\u00e4ntekeminen"}]},{"@type":"WebSite","@id":"https:\/\/www.auttamaan.fi\/#website","url":"https:\/\/www.auttamaan.fi\/","name":"Autetaan yhdess\u00e4","description":"Ep&auml;itsekkyys kunniaan!","publisher":{"@id":"https:\/\/www.auttamaan.fi\/#\/schema\/person\/3a3b34aa2951c21887d3ff9a31bec146"},"potentialAction":[{"@type":"SearchAction","target":{"@type":"EntryPoint","urlTemplate":"https:\/\/www.auttamaan.fi\/?s={search_term_string}"},"query-input":{"@type":"PropertyValueSpecification","valueRequired":true,"valueName":"search_term_string"}}],"inLanguage":"fi"},{"@type":["Person","Organization"],"@id":"https:\/\/www.auttamaan.fi\/#\/schema\/person\/3a3b34aa2951c21887d3ff9a31bec146","name":"admin","image":{"@type":"ImageObject","inLanguage":"fi","@id":"https:\/\/secure.gravatar.com\/avatar\/00e9410861902e19f4836db60c4b50309449416b5ce1e29b3edd56d00281d8a6?s=96&d=mm&r=g","url":"https:\/\/secure.gravatar.com\/avatar\/00e9410861902e19f4836db60c4b50309449416b5ce1e29b3edd56d00281d8a6?s=96&d=mm&r=g","contentUrl":"https:\/\/secure.gravatar.com\/avatar\/00e9410861902e19f4836db60c4b50309449416b5ce1e29b3edd56d00281d8a6?s=96&d=mm&r=g","caption":"admin"},"logo":{"@id":"https:\/\/secure.gravatar.com\/avatar\/00e9410861902e19f4836db60c4b50309449416b5ce1e29b3edd56d00281d8a6?s=96&d=mm&r=g"},"description":"Auttaminen ja hyv\u00e4ntekeminen ovat l\u00e4hell\u00e4 syd\u00e4nt\u00e4, joten n\u00e4iden sivujen avulla sit\u00e4 p\u00e4\u00e4see mahdollisesti toteuttamaan laajemminkin.","sameAs":["https:\/\/www.auttamaan.fi"]}]}},"_links":{"self":[{"href":"https:\/\/www.auttamaan.fi\/index.php?rest_route=\/wp\/v2\/pages\/65","targetHints":{"allow":["GET"]}}],"collection":[{"href":"https:\/\/www.auttamaan.fi\/index.php?rest_route=\/wp\/v2\/pages"}],"about":[{"href":"https:\/\/www.auttamaan.fi\/index.php?rest_route=\/wp\/v2\/types\/page"}],"author":[{"embeddable":true,"href":"https:\/\/www.auttamaan.fi\/index.php?rest_route=\/wp\/v2\/users\/1"}],"replies":[{"embeddable":true,"href":"https:\/\/www.auttamaan.fi\/index.php?rest_route=%2Fwp%2Fv2%2Fcomments&post=65"}],"version-history":[{"count":17,"href":"https:\/\/www.auttamaan.fi\/index.php?rest_route=\/wp\/v2\/pages\/65\/revisions"}],"predecessor-version":[{"id":417,"href":"https:\/\/www.auttamaan.fi\/index.php?rest_route=\/wp\/v2\/pages\/65\/revisions\/417"}],"wp:attachment":[{"href":"https:\/\/www.auttamaan.fi\/index.php?rest_route=%2Fwp%2Fv2%2Fmedia&parent=65"}],"curies":[{"name":"wp","href":"https:\/\/api.w.org\/{rel}","templated":true}]}}