{"id":74,"date":"2021-08-12T01:56:27","date_gmt":"2021-08-11T22:56:27","guid":{"rendered":"https:\/\/www.auttamaan.fi\/?page_id=74"},"modified":"2023-04-15T19:31:34","modified_gmt":"2023-04-15T16:31:34","slug":"auttaminen-taman-sivuston-avulla","status":"publish","type":"page","link":"https:\/\/www.auttamaan.fi\/?page_id=74","title":{"rendered":"Auttaminen t\u00e4m\u00e4n sivuston avulla"},"content":{"rendered":"\n<div class=\"wp-block-columns alignwide is-layout-flex wp-container-core-columns-is-layout-9d6595d7 wp-block-columns-is-layout-flex\">\n<div class=\"wp-block-column is-layout-flow wp-block-column-is-layout-flow\" style=\"flex-basis:100%\">\n<p class=\"has-text-align-center has-normal-font-size\">Auttaminen vaatii pelkkien sanojen sijaan enemm\u00e4nkin tekoja. Sanatkin voivat joskus auttaa, mutta turvallisuuteen liittyviss\u00e4 asioissa pelk\u00e4t sanat eiv\u00e4t useinkaan riit\u00e4. T\u00e4st\u00e4 johtuen n\u00e4iden sivujen kautta annettava apu ja tuki vied\u00e4\u00e4nkin suoraan ihan k\u00e4yt\u00e4nn\u00f6n tasolle.<\/p>\n<\/div>\n<\/div>\n\n\n\n<div class=\"wp-block-columns alignwide is-layout-flex wp-container-core-columns-is-layout-9d6595d7 wp-block-columns-is-layout-flex\">\n<div class=\"wp-block-column is-layout-flow wp-block-column-is-layout-flow\" style=\"flex-basis:100%\">\n<p class=\"has-text-align-center has-normal-font-size\">Mink\u00e4\u00e4nlaisen avun tai tuen antamista ei l\u00e4ht\u00f6kohtaisesti rajata tai suljeta pois, mutta rajallisen ajan ja rajallisten resurssien vuoksi sivuston kautta teht\u00e4v\u00e4 k\u00e4yt\u00e4nn\u00f6n auttamisty\u00f6 keskittyy p\u00e4\u00e4osin fyysisen ja henkisen turvallisuuden sek\u00e4 taloudellisen aseman parantamiseen. Mik\u00e4li avun tarvitsija saa edell\u00e4 mainitut asiat kuntoon, tyypillisesti muutkin asiat korjaantuvat siin\u00e4 sivussa kuin itsest\u00e4\u00e4n.<\/p>\n<\/div>\n<\/div>\n\n\n\n<h1 class=\"wp-block-heading has-text-align-center\" style=\"font-size:40px\"><u><strong>Turvallisuuden parantaminen<\/strong><\/u><\/h1>\n\n\n\n<div class=\"wp-block-columns alignwide is-layout-flex wp-container-core-columns-is-layout-9d6595d7 wp-block-columns-is-layout-flex\">\n<div class=\"wp-block-column is-layout-flow wp-block-column-is-layout-flow\" style=\"flex-basis:100%\">\n<p class=\"has-text-align-center has-normal-font-size\">Ihmisen hyvinvointi perustuu pitk\u00e4lti turvallisuuteen liittyviin asioihin. Mik\u00e4li henkil\u00f6 joutuu el\u00e4m\u00e4\u00e4n turvattomassa ymp\u00e4rist\u00f6ss\u00e4, on h\u00e4nen el\u00e4m\u00e4nhallintansa ja hyvinvointinsa kovasti alentunut tai jopa vaarantunut. Turvattomassa ymp\u00e4rist\u00f6ss\u00e4 jokainen on erityisen riippuvainen muista ihmisist\u00e4 ja valitettavasti itsekeskeisiss\u00e4 kulttuureissa henkil\u00f6 j\u00e4\u00e4 usein kovin yksin, koska itsekeskeisiss\u00e4 kulttuureissa ajatellaan sananmukaisesti pitk\u00e4lti vain itse\u00e4 eik\u00e4 kovin helposti olla auttamassa muita.<\/p>\n<\/div>\n<\/div>\n\n\n\n<h2 class=\"wp-block-heading has-text-align-center\" style=\"font-size:36px\"><em><strong>Taloudelliseen tilanteeseen liittyen<\/strong><\/em><\/h2>\n\n\n<div class=\"wp-block-image is-style-default\">\n<figure class=\"aligncenter size-full is-resized\"><img loading=\"lazy\" decoding=\"async\" src=\"https:\/\/www.auttamaan.fi\/wp-content\/uploads\/2021\/08\/varattomuus.jpg\" alt=\"\" class=\"wp-image-37\" width=\"526\" height=\"350\" srcset=\"https:\/\/www.auttamaan.fi\/wp-content\/uploads\/2021\/08\/varattomuus.jpg 509w, https:\/\/www.auttamaan.fi\/wp-content\/uploads\/2021\/08\/varattomuus-300x200.jpg 300w\" sizes=\"auto, (max-width: 526px) 100vw, 526px\" \/><figcaption class=\"wp-element-caption\">Raha-asiat eiv\u00e4t aina ole kaikilla kunnossa<\/figcaption><\/figure>\n<\/div>\n\n\n<div class=\"wp-block-columns alignwide is-layout-flex wp-container-core-columns-is-layout-9d6595d7 wp-block-columns-is-layout-flex\">\n<div class=\"wp-block-column is-layout-flow wp-block-column-is-layout-flow\" style=\"flex-basis:100%\">\n<p class=\"has-text-align-center has-normal-font-size\">Varmaan me kaikki tied\u00e4mme t\u00e4ss\u00e4 rahan sanelemassa maailmassa, ett\u00e4 hyvin monissa tilanteissa juurikin rahan puute on se koko ongelman ydin. Yksi oleellisimmista asioista el\u00e4m\u00e4ss\u00e4 on siis oppia pit\u00e4m\u00e4\u00e4n talousasiat kunnossa, koska se tuo omalta osaltaan turvallisuuden tunnetta ja harvalla on el\u00e4misen kanssa todellisia ongelmia, mik\u00e4li henkil\u00f6kohtaiset raha-asiat ovat kunnossa,. T\u00e4m\u00e4n vuoksi raha-asioihin liittyv\u00e4 apu on t\u00e4rke\u00e4\u00e4 ja erityisesti tietous siit\u00e4, miten rahaa olisi j\u00e4rkevint\u00e4 k\u00e4ytt\u00e4\u00e4.<em> On aivan turha antaa rahaa ihmiselle, joka ei sit\u00e4 osaa k\u00e4ytt\u00e4\u00e4, koska pidemm\u00e4ll\u00e4 aikav\u00e4lill\u00e4 se pelkk\u00e4 rahan antaminen ei poista itse p\u00e4\u00e4ongelmaa.<\/em> Perusel\u00e4miseenh\u00e4n ihminen ei tarvitse kovinkaan paljoa rahaa, mutta v\u00e4h\u00e4isen raham\u00e4\u00e4r\u00e4n kanssa el\u00e4minen vaatii t\u00e4ss\u00e4 meid\u00e4n kulutusyhteiskunnassamme hieman suunnittelua ja taloustaitoja.<\/p>\n<\/div>\n<\/div>\n\n\n\n<div class=\"wp-block-columns alignwide is-layout-flex wp-container-core-columns-is-layout-9d6595d7 wp-block-columns-is-layout-flex\">\n<div class=\"wp-block-column is-layout-flow wp-block-column-is-layout-flow\" style=\"flex-basis:100%\">\n<p class=\"has-text-align-center has-large-font-size\"><u><strong>Alkukartoituksen j\u00e4lkeen erityisesti taloustaitoihin sek\u00e4 raha-asioiden hallintaan pyrit\u00e4\u00e4n avun tarvitsijoiden kohdalla panostamaan.<\/strong><\/u><\/p>\n<\/div>\n<\/div>\n\n\n\n<div class=\"wp-block-columns alignwide is-layout-flex wp-container-core-columns-is-layout-9d6595d7 wp-block-columns-is-layout-flex\">\n<div class=\"wp-block-column is-layout-flow wp-block-column-is-layout-flow\" style=\"flex-basis:100%\">\n<p class=\"has-text-align-center has-large-font-size\"><em><u><strong>Mik\u00e4li siis sin\u00e4 itse tai joku muu tuntemasi henkil\u00f6 on ajautunut taikka muutoin joutunut taloudellisesti ahtaalle, ota yhteytt\u00e4:<\/strong><\/u><\/em><u><strong> <a href=\"https:\/\/www.auttamaan.fi\/?page_id=96\" target=\"_blank\" rel=\"noreferrer noopener\">apuatarvitaan(at)auttamaan.fi<\/a> <\/strong><\/u><em><u><strong>niin aletaan laittamaan asioita kuntoon!<\/strong><\/u><\/em><\/p>\n<\/div>\n<\/div>\n\n\n\n<div class=\"wp-block-columns alignwide is-layout-flex wp-container-core-columns-is-layout-9d6595d7 wp-block-columns-is-layout-flex\">\n<div class=\"wp-block-column is-layout-flow wp-block-column-is-layout-flow\" style=\"flex-basis:100%\">\n<h2 class=\"wp-block-heading has-text-align-center\" style=\"font-size:36px\"><em><strong>Henkil\u00f6kohtaiseen turvallisuuteen liittyen<\/strong><\/em><\/h2>\n<\/div>\n<\/div>\n\n\n<div class=\"wp-block-image is-style-default\">\n<figure class=\"aligncenter size-large is-resized\"><img loading=\"lazy\" decoding=\"async\" src=\"https:\/\/www.auttamaan.fi\/wp-content\/uploads\/2021\/08\/vakivalta-1024x683.jpeg\" alt=\"\" class=\"wp-image-281\" width=\"674\" height=\"450\" srcset=\"https:\/\/www.auttamaan.fi\/wp-content\/uploads\/2021\/08\/vakivalta-1024x683.jpeg 1024w, https:\/\/www.auttamaan.fi\/wp-content\/uploads\/2021\/08\/vakivalta-300x200.jpeg 300w, https:\/\/www.auttamaan.fi\/wp-content\/uploads\/2021\/08\/vakivalta-150x100.jpeg 150w, https:\/\/www.auttamaan.fi\/wp-content\/uploads\/2021\/08\/vakivalta-768x512.jpeg 768w, https:\/\/www.auttamaan.fi\/wp-content\/uploads\/2021\/08\/vakivalta.jpeg 1125w\" sizes=\"auto, (max-width: 674px) 100vw, 674px\" \/><figcaption class=\"wp-element-caption\">T\u00e4ll\u00e4kin hetkell\u00e4 jonkun el\u00e4m\u00e4\u00e4 jossakin<\/figcaption><\/figure>\n<\/div>\n\n\n<div class=\"wp-block-columns alignwide is-layout-flex wp-container-core-columns-is-layout-9d6595d7 wp-block-columns-is-layout-flex\">\n<div class=\"wp-block-column is-layout-flow wp-block-column-is-layout-flow\" style=\"flex-basis:100%\">\n<p class=\"has-text-align-center has-normal-font-size\">Mik\u00e4li avun tarvitsija on puolestaan tekemisiss\u00e4 fyysisen ja\/tai <a href=\"https:\/\/www.puheet.net\/auttavat-puhelimet-suomessa\/\" target=\"_blank\" rel=\"noreferrer noopener\">henkisen v\u00e4kivallan<\/a> kanssa, ennemmin tai my\u00f6hemmin h\u00e4nen ihmisyytens\u00e4 musertuu ja tuhoutuu. T\u00e4m\u00e4 johtaa v\u00e4\u00e4j\u00e4\u00e4m\u00e4tt\u00e4 siihen, ett\u00e4 samalla my\u00f6s h\u00e4nen el\u00e4m\u00e4nhalunsa, el\u00e4m\u00e4nhallintansa sek\u00e4 itseluottamuksensa musertuvat ja tuhoutuvat siin\u00e4 mukana. V\u00e4kivalta vie uhrilta pahimmillaan kaiken eli itsem\u00e4\u00e4r\u00e4\u00e4misoikeuden, itsekunnioituksen, itsetunnon, rahat, kehon, mielen, aivan kaiken. Ihmisest\u00e4 j\u00e4\u00e4 j\u00e4ljelle siis loppujen lopuksi vain ontto kuori.<\/p>\n<\/div>\n<\/div>\n\n\n\n<div class=\"wp-block-columns alignwide is-layout-flex wp-container-core-columns-is-layout-9d6595d7 wp-block-columns-is-layout-flex\">\n<div class=\"wp-block-column is-layout-flow wp-block-column-is-layout-flow\" style=\"flex-basis:100%\">\n<p class=\"has-text-align-center has-normal-font-size\">Erityisen hankalaksi asian tekee se, ett\u00e4 v\u00e4kivalta alkaa l\u00e4hes aina salakavalasti huomaamatta siten, ett\u00e4 yht\u00e4kki\u00e4 ollaankin jo tilanteessa, jossa tuntuu kuin mit\u00e4\u00e4n ei olisi en\u00e4\u00e4 teht\u00e4viss\u00e4. Auttaminen n\u00e4iss\u00e4 tilanteissa voikin olla haastavaa, koska v\u00e4kivallan tekij\u00e4ll\u00e4 on tyypillisesti t\u00e4ysi kontrolli kaikkeen kokijan\/uhrin el\u00e4m\u00e4ss\u00e4 eik\u00e4 alistunut sek\u00e4 musertunut kokija\/uhri helposti kykene eik\u00e4 pysty eik\u00e4 v\u00e4ltt\u00e4m\u00e4tt\u00e4 edes halua tai uskalla irtaantua tilanteesta.<\/p>\n<\/div>\n<\/div>\n\n\n\n<div class=\"wp-block-columns alignwide is-layout-flex wp-container-core-columns-is-layout-9d6595d7 wp-block-columns-is-layout-flex\">\n<div class=\"wp-block-column is-layout-flow wp-block-column-is-layout-flow\" style=\"flex-basis:100%\">\n<p class=\"has-text-align-center has-normal-font-size\">Fyysisen ja\/tai henkisen v\u00e4kivallan kanssa tekemiss\u00e4 oleva tarvitsee siis avuksi mahdollisimman varhaisen sek\u00e4 mahdollisimman j\u00e4m\u00e4k\u00e4n v\u00e4liintulon, jotta v\u00e4kivalta ei kunnolla ehtisi edes alkamaankaan tai se saataisiin mahdollisimman nopeasti loppumaan. Se miten v\u00e4liintulo olisi hyv\u00e4 toteuttaa, riippuu t\u00e4ysin ik\u00e4ryhm\u00e4st\u00e4 ja tapauksesta.<\/p>\n<\/div>\n<\/div>\n\n\n\n<div class=\"wp-block-columns alignwide is-layout-flex wp-container-core-columns-is-layout-9d6595d7 wp-block-columns-is-layout-flex\">\n<div class=\"wp-block-column is-layout-flow wp-block-column-is-layout-flow\" style=\"flex-basis:100%\">\n<h2 class=\"wp-block-heading has-text-align-center has-larger-font-size\"><strong><em><a href=\"https:\/\/nettiturvakoti.fi\/\" target=\"_blank\" rel=\"noreferrer noopener\">Lapset ja nuoret<\/a><\/em><\/strong><\/h2>\n<\/div>\n<\/div>\n\n\n<div class=\"wp-block-image is-style-default\">\n<figure class=\"aligncenter size-full is-resized\"><img loading=\"lazy\" decoding=\"async\" src=\"https:\/\/www.auttamaan.fi\/wp-content\/uploads\/2021\/08\/turvalapset-ja-nuoret.jpg\" alt=\"\" class=\"wp-image-33\" width=\"527\" height=\"350\" srcset=\"https:\/\/www.auttamaan.fi\/wp-content\/uploads\/2021\/08\/turvalapset-ja-nuoret.jpg 510w, https:\/\/www.auttamaan.fi\/wp-content\/uploads\/2021\/08\/turvalapset-ja-nuoret-300x199.jpg 300w\" sizes=\"auto, (max-width: 527px) 100vw, 527px\" \/><figcaption class=\"wp-element-caption\">Lasten ja nuorten maailma<\/figcaption><\/figure>\n<\/div>\n\n\n<div class=\"wp-block-columns alignwide is-layout-flex wp-container-core-columns-is-layout-9d6595d7 wp-block-columns-is-layout-flex\">\n<div class=\"wp-block-column is-layout-flow wp-block-column-is-layout-flow\" style=\"flex-basis:100%\">\n<p class=\"has-text-align-center has-normal-font-size\"><a href=\"https:\/\/www.mll.fi\/nuorille\" target=\"_blank\" rel=\"noreferrer noopener\">Lasten ja nuorten<\/a> kohdalla tehokkain tapa v\u00e4kivallan lopettamiseksi on saada niin sanotut sivustaseuraajat osallistumaan aktiivisesti tilanteisiin eli v\u00e4kivaltatilanteet eiv\u00e4t j\u00e4isi ainoastaan tekij\u00e4n\/tekij\u00f6iden ja kokijan\/uhrin v\u00e4lisiksi tapahtumiksi. Lasten ja nuorten maailmassa kaikilla tilanteeseen liittyvill\u00e4 ryhm\u00e4n tai joukkion j\u00e4senill\u00e4 on siis aivan yht\u00e4 t\u00e4rke\u00e4 rooli v\u00e4kivallan lopettamisessa. Apu tai tuki ei saisi siis miss\u00e4\u00e4n nimess\u00e4 j\u00e4\u00e4d\u00e4 ainoastaan tekij\u00e4\u00e4n\/tekij\u00f6ihin tai kokijaan\/uhriin vaan jokainen ryhm\u00e4\u00e4n tai joukkioon liittyv\u00e4 j\u00e4sen pit\u00e4isi ottaa tilanteeseen aivan samalla lailla kunnolla mukaan!<\/p>\n<\/div>\n<\/div>\n\n\n\n<div class=\"wp-block-columns alignwide is-layout-flex wp-container-core-columns-is-layout-9d6595d7 wp-block-columns-is-layout-flex\">\n<div class=\"wp-block-column is-layout-flow wp-block-column-is-layout-flow\" style=\"flex-basis:100%\">\n<h2 class=\"wp-block-heading has-text-align-center has-larger-font-size\"><strong><em><a href=\"https:\/\/www.puheet.net\/auttavat-puhelimet-suomessa\/\" target=\"_blank\" rel=\"noreferrer noopener\">Aikuiset<\/a><\/em><\/strong><\/h2>\n<\/div>\n<\/div>\n\n\n<div class=\"wp-block-image is-style-default\">\n<figure class=\"aligncenter size-full is-resized\"><img loading=\"lazy\" decoding=\"async\" src=\"https:\/\/www.auttamaan.fi\/wp-content\/uploads\/2021\/08\/turva.jpg\" alt=\"\" class=\"wp-image-34\" width=\"536\" height=\"350\" srcset=\"https:\/\/www.auttamaan.fi\/wp-content\/uploads\/2021\/08\/turva.jpg 515w, https:\/\/www.auttamaan.fi\/wp-content\/uploads\/2021\/08\/turva-300x196.jpg 300w\" sizes=\"auto, (max-width: 536px) 100vw, 536px\" \/><figcaption class=\"wp-element-caption\">Aikuisten maailma<\/figcaption><\/figure>\n<\/div>\n\n\n<div class=\"wp-block-columns alignwide is-layout-flex wp-container-core-columns-is-layout-9d6595d7 wp-block-columns-is-layout-flex\">\n<div class=\"wp-block-column is-layout-flow wp-block-column-is-layout-flow\" style=\"flex-basis:100%\">\n<p class=\"has-text-align-center has-normal-font-size\">Aikuisten kohdalla tehokkain tapa v\u00e4kivallan lopettamiseksi on erottaa tekij\u00e4 ja kokija\/uhri toisistaan. T\u00e4m\u00e4 tarkoittaa k\u00e4yt\u00e4nn\u00f6ss\u00e4 sit\u00e4, ett\u00e4 he eiv\u00e4t saisi olla samassa tilassa toistensa kanssa eiv\u00e4tk\u00e4 saisi mielell\u00e4\u00e4n olla ainakaan alkuvaiheessa edes miss\u00e4\u00e4n tekemiss\u00e4 toistensa kanssa. Tyypillisesti kokija\/uhri j\u00e4\u00e4 n\u00e4iss\u00e4 tilanteissa usein musertuneena ja joskus jopa rahattomanakin tyhj\u00e4n p\u00e4\u00e4ll\u00e4, joten my\u00f6s taloudellinen apu saattaa tulla kyseisiss\u00e4 tilanteissa kysymykseen, jotta kokija\/uhri p\u00e4\u00e4sisi jollain tavoin asiassa eteenp\u00e4in ja saisi tavallaan uuden alun.<\/p>\n<\/div>\n<\/div>\n\n\n\n<div class=\"wp-block-columns alignwide is-layout-flex wp-container-core-columns-is-layout-9d6595d7 wp-block-columns-is-layout-flex\">\n<div class=\"wp-block-column is-layout-flow wp-block-column-is-layout-flow\" style=\"flex-basis:100%\">\n<p class=\"has-text-align-center has-large-font-size\"><u><strong>Alkukartoitus sek\u00e4 erilaisten tarpeiden arviointi on oleellista v\u00e4kivalta-asioissa. T\u00e4m\u00e4n j\u00e4lkeen erityisesti yll\u00e4 mainittuihin asioihin pyrit\u00e4\u00e4n avun tarvitsijoiden kohdalla vaikuttamaan.<\/strong><\/u><\/p>\n<\/div>\n<\/div>\n\n\n\n<div class=\"wp-block-columns alignwide is-layout-flex wp-container-core-columns-is-layout-9d6595d7 wp-block-columns-is-layout-flex\">\n<div class=\"wp-block-column is-layout-flow wp-block-column-is-layout-flow\" style=\"flex-basis:100%\">\n<p class=\"has-text-align-center has-large-font-size\"><em><u><strong>V\u00e4kivalta ei katso ik\u00e4\u00e4 eli olitpa mink\u00e4ik\u00e4inen tahansa ja joudut kokemaan tai joku muu tuntemasi henkil\u00f6 joutuu kokemaan mink\u00e4laista v\u00e4kivaltaa tahansa, ole rohkeasti yhteydess\u00e4:<\/strong><\/u><\/em><u><strong> <a href=\"https:\/\/www.auttamaan.fi\/?page_id=96\" target=\"_blank\" rel=\"noreferrer noopener\">apuatarvitaan(at)auttamaan.fi<\/a> <\/strong><\/u><em><u><strong>niin aletaan laittamaan asioita kuntoon!<\/strong><\/u><\/em><\/p>\n<\/div>\n<\/div>\n","protected":false},"excerpt":{"rendered":"<p>Auttaminen vaatii pelkkien sanojen sijaan enemm\u00e4nkin tekoja. Sanatkin voivat joskus auttaa, mutta turvallisuuteen liittyviss\u00e4 asioissa pelk\u00e4t sanat eiv\u00e4t useinkaan riit\u00e4. T\u00e4st\u00e4 johtuen n\u00e4iden sivujen kautta annettava apu ja tuki vied\u00e4\u00e4nkin suoraan ihan k\u00e4yt\u00e4nn\u00f6n tasolle. Mink\u00e4\u00e4nlaisen avun tai tuen antamista ei l\u00e4ht\u00f6kohtaisesti rajata tai suljeta pois, mutta rajallisen ajan ja rajallisten resurssien vuoksi sivuston kautta teht\u00e4v\u00e4 [&hellip;]<\/p>\n","protected":false},"author":1,"featured_media":0,"parent":0,"menu_order":0,"comment_status":"closed","ping_status":"closed","template":"","meta":{"footnotes":""},"class_list":["post-74","page","type-page","status-publish","hentry"],"yoast_head":"<!-- This site is optimized with the Yoast SEO plugin v27.3 - https:\/\/yoast.com\/product\/yoast-seo-wordpress\/ -->\n<title>Auttaminen t\u00e4m\u00e4n sivuston avulla - Autetaan yhdess&auml;<\/title>\n<meta name=\"description\" content=\"Auttaminen t\u00e4m\u00e4n sivuston avulla pyrit\u00e4\u00e4n toteuttamaan panostamalla apua tarvitsevien turvallisuuden sek\u00e4 taloudellisen aseman parantamiseen.\" \/>\n<meta name=\"robots\" content=\"index, follow, max-snippet:-1, max-image-preview:large, max-video-preview:-1\" \/>\n<link rel=\"canonical\" href=\"https:\/\/www.auttamaan.fi\/?page_id=74\" \/>\n<meta property=\"og:locale\" content=\"fi_FI\" \/>\n<meta property=\"og:type\" content=\"article\" \/>\n<meta property=\"og:title\" content=\"Auttaminen t\u00e4m\u00e4n sivuston avulla - Autetaan yhdess&auml;\" \/>\n<meta property=\"og:description\" content=\"Auttaminen t\u00e4m\u00e4n sivuston avulla pyrit\u00e4\u00e4n toteuttamaan panostamalla apua tarvitsevien turvallisuuden sek\u00e4 taloudellisen aseman parantamiseen.\" \/>\n<meta property=\"og:url\" content=\"https:\/\/www.auttamaan.fi\/?page_id=74\" \/>\n<meta property=\"og:site_name\" content=\"Autetaan yhdess&auml;\" \/>\n<meta property=\"article:modified_time\" content=\"2023-04-15T16:31:34+00:00\" \/>\n<meta property=\"og:image\" content=\"https:\/\/www.auttamaan.fi\/wp-content\/uploads\/2021\/08\/varattomuus.jpg\" \/>\n<meta name=\"twitter:card\" content=\"summary_large_image\" \/>\n<meta name=\"twitter:label1\" content=\"Arvioitu lukuaika\" \/>\n\t<meta name=\"twitter:data1\" content=\"5 minuuttia\" \/>\n<script type=\"application\/ld+json\" class=\"yoast-schema-graph\">{\"@context\":\"https:\\\/\\\/schema.org\",\"@graph\":[{\"@type\":\"WebPage\",\"@id\":\"https:\\\/\\\/www.auttamaan.fi\\\/?page_id=74\",\"url\":\"https:\\\/\\\/www.auttamaan.fi\\\/?page_id=74\",\"name\":\"Auttaminen t\u00e4m\u00e4n sivuston avulla - Autetaan yhdess&auml;\",\"isPartOf\":{\"@id\":\"https:\\\/\\\/www.auttamaan.fi\\\/#website\"},\"primaryImageOfPage\":{\"@id\":\"https:\\\/\\\/www.auttamaan.fi\\\/?page_id=74#primaryimage\"},\"image\":{\"@id\":\"https:\\\/\\\/www.auttamaan.fi\\\/?page_id=74#primaryimage\"},\"thumbnailUrl\":\"https:\\\/\\\/www.auttamaan.fi\\\/wp-content\\\/uploads\\\/2021\\\/08\\\/varattomuus.jpg\",\"datePublished\":\"2021-08-11T22:56:27+00:00\",\"dateModified\":\"2023-04-15T16:31:34+00:00\",\"description\":\"Auttaminen t\u00e4m\u00e4n sivuston avulla pyrit\u00e4\u00e4n toteuttamaan panostamalla apua tarvitsevien turvallisuuden sek\u00e4 taloudellisen aseman parantamiseen.\",\"breadcrumb\":{\"@id\":\"https:\\\/\\\/www.auttamaan.fi\\\/?page_id=74#breadcrumb\"},\"inLanguage\":\"fi\",\"potentialAction\":[{\"@type\":\"ReadAction\",\"target\":[\"https:\\\/\\\/www.auttamaan.fi\\\/?page_id=74\"]}]},{\"@type\":\"ImageObject\",\"inLanguage\":\"fi\",\"@id\":\"https:\\\/\\\/www.auttamaan.fi\\\/?page_id=74#primaryimage\",\"url\":\"https:\\\/\\\/www.auttamaan.fi\\\/wp-content\\\/uploads\\\/2021\\\/08\\\/varattomuus.jpg\",\"contentUrl\":\"https:\\\/\\\/www.auttamaan.fi\\\/wp-content\\\/uploads\\\/2021\\\/08\\\/varattomuus.jpg\",\"width\":509,\"height\":339},{\"@type\":\"BreadcrumbList\",\"@id\":\"https:\\\/\\\/www.auttamaan.fi\\\/?page_id=74#breadcrumb\",\"itemListElement\":[{\"@type\":\"ListItem\",\"position\":1,\"name\":\"Etusivu\",\"item\":\"https:\\\/\\\/www.auttamaan.fi\\\/\"},{\"@type\":\"ListItem\",\"position\":2,\"name\":\"Auttaminen t\u00e4m\u00e4n sivuston avulla\"}]},{\"@type\":\"WebSite\",\"@id\":\"https:\\\/\\\/www.auttamaan.fi\\\/#website\",\"url\":\"https:\\\/\\\/www.auttamaan.fi\\\/\",\"name\":\"Autetaan yhdess\u00e4\",\"description\":\"Ep&auml;itsekkyys kunniaan!\",\"publisher\":{\"@id\":\"https:\\\/\\\/www.auttamaan.fi\\\/#\\\/schema\\\/person\\\/3a3b34aa2951c21887d3ff9a31bec146\"},\"potentialAction\":[{\"@type\":\"SearchAction\",\"target\":{\"@type\":\"EntryPoint\",\"urlTemplate\":\"https:\\\/\\\/www.auttamaan.fi\\\/?s={search_term_string}\"},\"query-input\":{\"@type\":\"PropertyValueSpecification\",\"valueRequired\":true,\"valueName\":\"search_term_string\"}}],\"inLanguage\":\"fi\"},{\"@type\":[\"Person\",\"Organization\"],\"@id\":\"https:\\\/\\\/www.auttamaan.fi\\\/#\\\/schema\\\/person\\\/3a3b34aa2951c21887d3ff9a31bec146\",\"name\":\"admin\",\"image\":{\"@type\":\"ImageObject\",\"inLanguage\":\"fi\",\"@id\":\"https:\\\/\\\/secure.gravatar.com\\\/avatar\\\/00e9410861902e19f4836db60c4b50309449416b5ce1e29b3edd56d00281d8a6?s=96&d=mm&r=g\",\"url\":\"https:\\\/\\\/secure.gravatar.com\\\/avatar\\\/00e9410861902e19f4836db60c4b50309449416b5ce1e29b3edd56d00281d8a6?s=96&d=mm&r=g\",\"contentUrl\":\"https:\\\/\\\/secure.gravatar.com\\\/avatar\\\/00e9410861902e19f4836db60c4b50309449416b5ce1e29b3edd56d00281d8a6?s=96&d=mm&r=g\",\"caption\":\"admin\"},\"logo\":{\"@id\":\"https:\\\/\\\/secure.gravatar.com\\\/avatar\\\/00e9410861902e19f4836db60c4b50309449416b5ce1e29b3edd56d00281d8a6?s=96&d=mm&r=g\"},\"description\":\"Auttaminen ja hyv\u00e4ntekeminen ovat l\u00e4hell\u00e4 syd\u00e4nt\u00e4, joten n\u00e4iden sivujen avulla sit\u00e4 p\u00e4\u00e4see mahdollisesti toteuttamaan laajemminkin.\",\"sameAs\":[\"https:\\\/\\\/www.auttamaan.fi\"]}]}<\/script>\n<!-- \/ Yoast SEO plugin. -->","yoast_head_json":{"title":"Auttaminen t\u00e4m\u00e4n sivuston avulla - Autetaan yhdess&auml;","description":"Auttaminen t\u00e4m\u00e4n sivuston avulla pyrit\u00e4\u00e4n toteuttamaan panostamalla apua tarvitsevien turvallisuuden sek\u00e4 taloudellisen aseman parantamiseen.","robots":{"index":"index","follow":"follow","max-snippet":"max-snippet:-1","max-image-preview":"max-image-preview:large","max-video-preview":"max-video-preview:-1"},"canonical":"https:\/\/www.auttamaan.fi\/?page_id=74","og_locale":"fi_FI","og_type":"article","og_title":"Auttaminen t\u00e4m\u00e4n sivuston avulla - Autetaan yhdess&auml;","og_description":"Auttaminen t\u00e4m\u00e4n sivuston avulla pyrit\u00e4\u00e4n toteuttamaan panostamalla apua tarvitsevien turvallisuuden sek\u00e4 taloudellisen aseman parantamiseen.","og_url":"https:\/\/www.auttamaan.fi\/?page_id=74","og_site_name":"Autetaan yhdess&auml;","article_modified_time":"2023-04-15T16:31:34+00:00","og_image":[{"url":"https:\/\/www.auttamaan.fi\/wp-content\/uploads\/2021\/08\/varattomuus.jpg","type":"","width":"","height":""}],"twitter_card":"summary_large_image","twitter_misc":{"Arvioitu lukuaika":"5 minuuttia"},"schema":{"@context":"https:\/\/schema.org","@graph":[{"@type":"WebPage","@id":"https:\/\/www.auttamaan.fi\/?page_id=74","url":"https:\/\/www.auttamaan.fi\/?page_id=74","name":"Auttaminen t\u00e4m\u00e4n sivuston avulla - Autetaan yhdess&auml;","isPartOf":{"@id":"https:\/\/www.auttamaan.fi\/#website"},"primaryImageOfPage":{"@id":"https:\/\/www.auttamaan.fi\/?page_id=74#primaryimage"},"image":{"@id":"https:\/\/www.auttamaan.fi\/?page_id=74#primaryimage"},"thumbnailUrl":"https:\/\/www.auttamaan.fi\/wp-content\/uploads\/2021\/08\/varattomuus.jpg","datePublished":"2021-08-11T22:56:27+00:00","dateModified":"2023-04-15T16:31:34+00:00","description":"Auttaminen t\u00e4m\u00e4n sivuston avulla pyrit\u00e4\u00e4n toteuttamaan panostamalla apua tarvitsevien turvallisuuden sek\u00e4 taloudellisen aseman parantamiseen.","breadcrumb":{"@id":"https:\/\/www.auttamaan.fi\/?page_id=74#breadcrumb"},"inLanguage":"fi","potentialAction":[{"@type":"ReadAction","target":["https:\/\/www.auttamaan.fi\/?page_id=74"]}]},{"@type":"ImageObject","inLanguage":"fi","@id":"https:\/\/www.auttamaan.fi\/?page_id=74#primaryimage","url":"https:\/\/www.auttamaan.fi\/wp-content\/uploads\/2021\/08\/varattomuus.jpg","contentUrl":"https:\/\/www.auttamaan.fi\/wp-content\/uploads\/2021\/08\/varattomuus.jpg","width":509,"height":339},{"@type":"BreadcrumbList","@id":"https:\/\/www.auttamaan.fi\/?page_id=74#breadcrumb","itemListElement":[{"@type":"ListItem","position":1,"name":"Etusivu","item":"https:\/\/www.auttamaan.fi\/"},{"@type":"ListItem","position":2,"name":"Auttaminen t\u00e4m\u00e4n sivuston avulla"}]},{"@type":"WebSite","@id":"https:\/\/www.auttamaan.fi\/#website","url":"https:\/\/www.auttamaan.fi\/","name":"Autetaan yhdess\u00e4","description":"Ep&auml;itsekkyys kunniaan!","publisher":{"@id":"https:\/\/www.auttamaan.fi\/#\/schema\/person\/3a3b34aa2951c21887d3ff9a31bec146"},"potentialAction":[{"@type":"SearchAction","target":{"@type":"EntryPoint","urlTemplate":"https:\/\/www.auttamaan.fi\/?s={search_term_string}"},"query-input":{"@type":"PropertyValueSpecification","valueRequired":true,"valueName":"search_term_string"}}],"inLanguage":"fi"},{"@type":["Person","Organization"],"@id":"https:\/\/www.auttamaan.fi\/#\/schema\/person\/3a3b34aa2951c21887d3ff9a31bec146","name":"admin","image":{"@type":"ImageObject","inLanguage":"fi","@id":"https:\/\/secure.gravatar.com\/avatar\/00e9410861902e19f4836db60c4b50309449416b5ce1e29b3edd56d00281d8a6?s=96&d=mm&r=g","url":"https:\/\/secure.gravatar.com\/avatar\/00e9410861902e19f4836db60c4b50309449416b5ce1e29b3edd56d00281d8a6?s=96&d=mm&r=g","contentUrl":"https:\/\/secure.gravatar.com\/avatar\/00e9410861902e19f4836db60c4b50309449416b5ce1e29b3edd56d00281d8a6?s=96&d=mm&r=g","caption":"admin"},"logo":{"@id":"https:\/\/secure.gravatar.com\/avatar\/00e9410861902e19f4836db60c4b50309449416b5ce1e29b3edd56d00281d8a6?s=96&d=mm&r=g"},"description":"Auttaminen ja hyv\u00e4ntekeminen ovat l\u00e4hell\u00e4 syd\u00e4nt\u00e4, joten n\u00e4iden sivujen avulla sit\u00e4 p\u00e4\u00e4see mahdollisesti toteuttamaan laajemminkin.","sameAs":["https:\/\/www.auttamaan.fi"]}]}},"_links":{"self":[{"href":"https:\/\/www.auttamaan.fi\/index.php?rest_route=\/wp\/v2\/pages\/74","targetHints":{"allow":["GET"]}}],"collection":[{"href":"https:\/\/www.auttamaan.fi\/index.php?rest_route=\/wp\/v2\/pages"}],"about":[{"href":"https:\/\/www.auttamaan.fi\/index.php?rest_route=\/wp\/v2\/types\/page"}],"author":[{"embeddable":true,"href":"https:\/\/www.auttamaan.fi\/index.php?rest_route=\/wp\/v2\/users\/1"}],"replies":[{"embeddable":true,"href":"https:\/\/www.auttamaan.fi\/index.php?rest_route=%2Fwp%2Fv2%2Fcomments&post=74"}],"version-history":[{"count":15,"href":"https:\/\/www.auttamaan.fi\/index.php?rest_route=\/wp\/v2\/pages\/74\/revisions"}],"predecessor-version":[{"id":419,"href":"https:\/\/www.auttamaan.fi\/index.php?rest_route=\/wp\/v2\/pages\/74\/revisions\/419"}],"wp:attachment":[{"href":"https:\/\/www.auttamaan.fi\/index.php?rest_route=%2Fwp%2Fv2%2Fmedia&parent=74"}],"curies":[{"name":"wp","href":"https:\/\/api.w.org\/{rel}","templated":true}]}}