{"id":79,"date":"2021-08-12T02:39:36","date_gmt":"2021-08-11T23:39:36","guid":{"rendered":"https:\/\/www.auttamaan.fi\/?page_id=79"},"modified":"2023-11-05T20:34:51","modified_gmt":"2023-11-05T17:34:51","slug":"elavasta-elamasta","status":"publish","type":"page","link":"https:\/\/www.auttamaan.fi\/?page_id=79","title":{"rendered":"El\u00e4v\u00e4st\u00e4 El\u00e4m\u00e4st\u00e4"},"content":{"rendered":"\n<div class=\"wp-block-columns are-vertically-aligned-center is-layout-flex wp-container-core-columns-is-layout-9d6595d7 wp-block-columns-is-layout-flex\">\n<div class=\"wp-block-column is-vertically-aligned-center is-layout-flow wp-block-column-is-layout-flow\" style=\"flex-basis:100%\">\n<p class=\"has-text-align-center has-normal-font-size\">Kaikenlaiset kertomukset ja tarinat toimivat usein hyv\u00e4n\u00e4 inspiraation l\u00e4hteen\u00e4 eri asioille. T\u00e4lle sivulle tullaan siis ker\u00e4\u00e4m\u00e4\u00e4n kertomuksia ja tarinoita erilaisista kokemuksista todellisesta el\u00e4m\u00e4st\u00e4 auttamiseen ja hyv\u00e4n tekemiseen liittyen.<\/p>\n\n\n\n<p class=\"has-text-align-center has-normal-font-size\">Sivulla julkaistaan my\u00f6s t\u00e4m\u00e4n sivuston kautta toteutetut auttamiset ja hyv\u00e4ntekemiset.<\/p>\n\n\n\n<p class=\"has-text-align-center has-normal-font-size\">Sivulla on my\u00f6s kommentointikentt\u00e4 eli sivulla on mahdollisuus kommentoida sis\u00e4lt\u00f6\u00e4 tai jotain muuta asiaan liittyv\u00e4\u00e4.<\/p>\n<\/div>\n<\/div>\n\n\n\n<div class=\"wp-block-columns is-layout-flex wp-container-core-columns-is-layout-9d6595d7 wp-block-columns-is-layout-flex\">\n<div class=\"wp-block-column is-layout-flow wp-block-column-is-layout-flow\" style=\"flex-basis:100%\">\n<p class=\"has-text-align-center has-large-font-size\"><em><u><strong>Mik\u00e4li sinulla on siis jollain tavoin koskettava tai vaikuttava tai muuten vain hyv\u00e4 kertomus, tarina, kokemus, artikkeli, uutinen tai mit\u00e4 tahansa todellisesta el\u00e4m\u00e4st\u00e4 aihealueeseen liittyen, voit l\u00e4hett\u00e4\u00e4 sen osoitteeseen:<\/strong><\/u><\/em><u><strong> todellatapahtui(at)auttamaan.fi <em>niin katsotaan josko sen voisi t\u00e4\u00e4ll\u00e4kin julkaista.<\/em><\/strong><\/u><\/p>\n<\/div>\n<\/div>\n\n\n\n<div class=\"wp-block-columns is-layout-flex wp-container-core-columns-is-layout-9d6595d7 wp-block-columns-is-layout-flex\">\n<div class=\"wp-block-column is-layout-flow wp-block-column-is-layout-flow\" style=\"flex-basis:100%\">\n<p class=\"has-larger-font-size\"><strong><u><em>Seuraavasta p\u00e4\u00e4set siirtym\u00e4\u00e4n niiden pariin:<\/em><\/u><\/strong><\/p>\n<\/div>\n<\/div>\n\n\n<ul class=\"wp-block-categories-list aligncenter wp-block-categories\">\t<li class=\"cat-item cat-item-13\"><a href=\"https:\/\/www.auttamaan.fi\/?cat=13\">El\u00e4v\u00e4st\u00e4 el\u00e4m\u00e4st\u00e4<\/a>\n<\/li>\n<\/ul>","protected":false},"excerpt":{"rendered":"<p>Kaikenlaiset kertomukset ja tarinat toimivat usein hyv\u00e4n\u00e4 inspiraation l\u00e4hteen\u00e4 eri asioille. T\u00e4lle sivulle tullaan siis ker\u00e4\u00e4m\u00e4\u00e4n kertomuksia ja tarinoita erilaisista kokemuksista todellisesta el\u00e4m\u00e4st\u00e4 auttamiseen ja hyv\u00e4n tekemiseen liittyen. Sivulla julkaistaan my\u00f6s t\u00e4m\u00e4n sivuston kautta toteutetut auttamiset ja hyv\u00e4ntekemiset. Sivulla on my\u00f6s kommentointikentt\u00e4 eli sivulla on mahdollisuus kommentoida sis\u00e4lt\u00f6\u00e4 tai jotain muuta asiaan liittyv\u00e4\u00e4. Mik\u00e4li sinulla [&hellip;]<\/p>\n","protected":false},"author":1,"featured_media":0,"parent":0,"menu_order":0,"comment_status":"open","ping_status":"closed","template":"","meta":{"footnotes":""},"class_list":["post-79","page","type-page","status-publish","hentry"],"yoast_head":"<!-- This site is optimized with the Yoast SEO plugin v27.3 - https:\/\/yoast.com\/product\/yoast-seo-wordpress\/ -->\n<title>El\u00e4v\u00e4st\u00e4 El\u00e4m\u00e4st\u00e4 - Autetaan yhdess&auml;<\/title>\n<meta name=\"robots\" content=\"index, follow, max-snippet:-1, max-image-preview:large, max-video-preview:-1\" \/>\n<link rel=\"canonical\" href=\"https:\/\/www.auttamaan.fi\/?page_id=79\" \/>\n<meta property=\"og:locale\" content=\"fi_FI\" \/>\n<meta property=\"og:type\" content=\"article\" \/>\n<meta property=\"og:title\" content=\"El\u00e4v\u00e4st\u00e4 El\u00e4m\u00e4st\u00e4 - Autetaan yhdess&auml;\" \/>\n<meta property=\"og:description\" content=\"Kaikenlaiset kertomukset ja tarinat toimivat usein hyv\u00e4n\u00e4 inspiraation l\u00e4hteen\u00e4 eri asioille. T\u00e4lle sivulle tullaan siis ker\u00e4\u00e4m\u00e4\u00e4n kertomuksia ja tarinoita erilaisista kokemuksista todellisesta el\u00e4m\u00e4st\u00e4 auttamiseen ja hyv\u00e4n tekemiseen liittyen. Sivulla julkaistaan my\u00f6s t\u00e4m\u00e4n sivuston kautta toteutetut auttamiset ja hyv\u00e4ntekemiset. Sivulla on my\u00f6s kommentointikentt\u00e4 eli sivulla on mahdollisuus kommentoida sis\u00e4lt\u00f6\u00e4 tai jotain muuta asiaan liittyv\u00e4\u00e4. Mik\u00e4li sinulla [&hellip;]\" \/>\n<meta property=\"og:url\" content=\"https:\/\/www.auttamaan.fi\/?page_id=79\" \/>\n<meta property=\"og:site_name\" content=\"Autetaan yhdess&auml;\" \/>\n<meta property=\"article:modified_time\" content=\"2023-11-05T17:34:51+00:00\" \/>\n<meta name=\"twitter:card\" content=\"summary_large_image\" \/>\n<meta name=\"twitter:label1\" content=\"Arvioitu lukuaika\" \/>\n\t<meta name=\"twitter:data1\" content=\"1 minuutti\" \/>\n<script type=\"application\/ld+json\" class=\"yoast-schema-graph\">{\"@context\":\"https:\\\/\\\/schema.org\",\"@graph\":[{\"@type\":\"WebPage\",\"@id\":\"https:\\\/\\\/www.auttamaan.fi\\\/?page_id=79\",\"url\":\"https:\\\/\\\/www.auttamaan.fi\\\/?page_id=79\",\"name\":\"El\u00e4v\u00e4st\u00e4 El\u00e4m\u00e4st\u00e4 - Autetaan yhdess&auml;\",\"isPartOf\":{\"@id\":\"https:\\\/\\\/www.auttamaan.fi\\\/#website\"},\"datePublished\":\"2021-08-11T23:39:36+00:00\",\"dateModified\":\"2023-11-05T17:34:51+00:00\",\"breadcrumb\":{\"@id\":\"https:\\\/\\\/www.auttamaan.fi\\\/?page_id=79#breadcrumb\"},\"inLanguage\":\"fi\",\"potentialAction\":[{\"@type\":\"ReadAction\",\"target\":[\"https:\\\/\\\/www.auttamaan.fi\\\/?page_id=79\"]}]},{\"@type\":\"BreadcrumbList\",\"@id\":\"https:\\\/\\\/www.auttamaan.fi\\\/?page_id=79#breadcrumb\",\"itemListElement\":[{\"@type\":\"ListItem\",\"position\":1,\"name\":\"Etusivu\",\"item\":\"https:\\\/\\\/www.auttamaan.fi\\\/\"},{\"@type\":\"ListItem\",\"position\":2,\"name\":\"El\u00e4v\u00e4st\u00e4 El\u00e4m\u00e4st\u00e4\"}]},{\"@type\":\"WebSite\",\"@id\":\"https:\\\/\\\/www.auttamaan.fi\\\/#website\",\"url\":\"https:\\\/\\\/www.auttamaan.fi\\\/\",\"name\":\"Autetaan yhdess\u00e4\",\"description\":\"Ep&auml;itsekkyys kunniaan!\",\"publisher\":{\"@id\":\"https:\\\/\\\/www.auttamaan.fi\\\/#\\\/schema\\\/person\\\/3a3b34aa2951c21887d3ff9a31bec146\"},\"potentialAction\":[{\"@type\":\"SearchAction\",\"target\":{\"@type\":\"EntryPoint\",\"urlTemplate\":\"https:\\\/\\\/www.auttamaan.fi\\\/?s={search_term_string}\"},\"query-input\":{\"@type\":\"PropertyValueSpecification\",\"valueRequired\":true,\"valueName\":\"search_term_string\"}}],\"inLanguage\":\"fi\"},{\"@type\":[\"Person\",\"Organization\"],\"@id\":\"https:\\\/\\\/www.auttamaan.fi\\\/#\\\/schema\\\/person\\\/3a3b34aa2951c21887d3ff9a31bec146\",\"name\":\"admin\",\"image\":{\"@type\":\"ImageObject\",\"inLanguage\":\"fi\",\"@id\":\"https:\\\/\\\/secure.gravatar.com\\\/avatar\\\/00e9410861902e19f4836db60c4b50309449416b5ce1e29b3edd56d00281d8a6?s=96&d=mm&r=g\",\"url\":\"https:\\\/\\\/secure.gravatar.com\\\/avatar\\\/00e9410861902e19f4836db60c4b50309449416b5ce1e29b3edd56d00281d8a6?s=96&d=mm&r=g\",\"contentUrl\":\"https:\\\/\\\/secure.gravatar.com\\\/avatar\\\/00e9410861902e19f4836db60c4b50309449416b5ce1e29b3edd56d00281d8a6?s=96&d=mm&r=g\",\"caption\":\"admin\"},\"logo\":{\"@id\":\"https:\\\/\\\/secure.gravatar.com\\\/avatar\\\/00e9410861902e19f4836db60c4b50309449416b5ce1e29b3edd56d00281d8a6?s=96&d=mm&r=g\"},\"description\":\"Auttaminen ja hyv\u00e4ntekeminen ovat l\u00e4hell\u00e4 syd\u00e4nt\u00e4, joten n\u00e4iden sivujen avulla sit\u00e4 p\u00e4\u00e4see mahdollisesti toteuttamaan laajemminkin.\",\"sameAs\":[\"https:\\\/\\\/www.auttamaan.fi\"]}]}<\/script>\n<!-- \/ Yoast SEO plugin. -->","yoast_head_json":{"title":"El\u00e4v\u00e4st\u00e4 El\u00e4m\u00e4st\u00e4 - Autetaan yhdess&auml;","robots":{"index":"index","follow":"follow","max-snippet":"max-snippet:-1","max-image-preview":"max-image-preview:large","max-video-preview":"max-video-preview:-1"},"canonical":"https:\/\/www.auttamaan.fi\/?page_id=79","og_locale":"fi_FI","og_type":"article","og_title":"El\u00e4v\u00e4st\u00e4 El\u00e4m\u00e4st\u00e4 - Autetaan yhdess&auml;","og_description":"Kaikenlaiset kertomukset ja tarinat toimivat usein hyv\u00e4n\u00e4 inspiraation l\u00e4hteen\u00e4 eri asioille. T\u00e4lle sivulle tullaan siis ker\u00e4\u00e4m\u00e4\u00e4n kertomuksia ja tarinoita erilaisista kokemuksista todellisesta el\u00e4m\u00e4st\u00e4 auttamiseen ja hyv\u00e4n tekemiseen liittyen. Sivulla julkaistaan my\u00f6s t\u00e4m\u00e4n sivuston kautta toteutetut auttamiset ja hyv\u00e4ntekemiset. Sivulla on my\u00f6s kommentointikentt\u00e4 eli sivulla on mahdollisuus kommentoida sis\u00e4lt\u00f6\u00e4 tai jotain muuta asiaan liittyv\u00e4\u00e4. Mik\u00e4li sinulla [&hellip;]","og_url":"https:\/\/www.auttamaan.fi\/?page_id=79","og_site_name":"Autetaan yhdess&auml;","article_modified_time":"2023-11-05T17:34:51+00:00","twitter_card":"summary_large_image","twitter_misc":{"Arvioitu lukuaika":"1 minuutti"},"schema":{"@context":"https:\/\/schema.org","@graph":[{"@type":"WebPage","@id":"https:\/\/www.auttamaan.fi\/?page_id=79","url":"https:\/\/www.auttamaan.fi\/?page_id=79","name":"El\u00e4v\u00e4st\u00e4 El\u00e4m\u00e4st\u00e4 - Autetaan yhdess&auml;","isPartOf":{"@id":"https:\/\/www.auttamaan.fi\/#website"},"datePublished":"2021-08-11T23:39:36+00:00","dateModified":"2023-11-05T17:34:51+00:00","breadcrumb":{"@id":"https:\/\/www.auttamaan.fi\/?page_id=79#breadcrumb"},"inLanguage":"fi","potentialAction":[{"@type":"ReadAction","target":["https:\/\/www.auttamaan.fi\/?page_id=79"]}]},{"@type":"BreadcrumbList","@id":"https:\/\/www.auttamaan.fi\/?page_id=79#breadcrumb","itemListElement":[{"@type":"ListItem","position":1,"name":"Etusivu","item":"https:\/\/www.auttamaan.fi\/"},{"@type":"ListItem","position":2,"name":"El\u00e4v\u00e4st\u00e4 El\u00e4m\u00e4st\u00e4"}]},{"@type":"WebSite","@id":"https:\/\/www.auttamaan.fi\/#website","url":"https:\/\/www.auttamaan.fi\/","name":"Autetaan yhdess\u00e4","description":"Ep&auml;itsekkyys kunniaan!","publisher":{"@id":"https:\/\/www.auttamaan.fi\/#\/schema\/person\/3a3b34aa2951c21887d3ff9a31bec146"},"potentialAction":[{"@type":"SearchAction","target":{"@type":"EntryPoint","urlTemplate":"https:\/\/www.auttamaan.fi\/?s={search_term_string}"},"query-input":{"@type":"PropertyValueSpecification","valueRequired":true,"valueName":"search_term_string"}}],"inLanguage":"fi"},{"@type":["Person","Organization"],"@id":"https:\/\/www.auttamaan.fi\/#\/schema\/person\/3a3b34aa2951c21887d3ff9a31bec146","name":"admin","image":{"@type":"ImageObject","inLanguage":"fi","@id":"https:\/\/secure.gravatar.com\/avatar\/00e9410861902e19f4836db60c4b50309449416b5ce1e29b3edd56d00281d8a6?s=96&d=mm&r=g","url":"https:\/\/secure.gravatar.com\/avatar\/00e9410861902e19f4836db60c4b50309449416b5ce1e29b3edd56d00281d8a6?s=96&d=mm&r=g","contentUrl":"https:\/\/secure.gravatar.com\/avatar\/00e9410861902e19f4836db60c4b50309449416b5ce1e29b3edd56d00281d8a6?s=96&d=mm&r=g","caption":"admin"},"logo":{"@id":"https:\/\/secure.gravatar.com\/avatar\/00e9410861902e19f4836db60c4b50309449416b5ce1e29b3edd56d00281d8a6?s=96&d=mm&r=g"},"description":"Auttaminen ja hyv\u00e4ntekeminen ovat l\u00e4hell\u00e4 syd\u00e4nt\u00e4, joten n\u00e4iden sivujen avulla sit\u00e4 p\u00e4\u00e4see mahdollisesti toteuttamaan laajemminkin.","sameAs":["https:\/\/www.auttamaan.fi"]}]}},"_links":{"self":[{"href":"https:\/\/www.auttamaan.fi\/index.php?rest_route=\/wp\/v2\/pages\/79","targetHints":{"allow":["GET"]}}],"collection":[{"href":"https:\/\/www.auttamaan.fi\/index.php?rest_route=\/wp\/v2\/pages"}],"about":[{"href":"https:\/\/www.auttamaan.fi\/index.php?rest_route=\/wp\/v2\/types\/page"}],"author":[{"embeddable":true,"href":"https:\/\/www.auttamaan.fi\/index.php?rest_route=\/wp\/v2\/users\/1"}],"replies":[{"embeddable":true,"href":"https:\/\/www.auttamaan.fi\/index.php?rest_route=%2Fwp%2Fv2%2Fcomments&post=79"}],"version-history":[{"count":18,"href":"https:\/\/www.auttamaan.fi\/index.php?rest_route=\/wp\/v2\/pages\/79\/revisions"}],"predecessor-version":[{"id":488,"href":"https:\/\/www.auttamaan.fi\/index.php?rest_route=\/wp\/v2\/pages\/79\/revisions\/488"}],"wp:attachment":[{"href":"https:\/\/www.auttamaan.fi\/index.php?rest_route=%2Fwp%2Fv2%2Fmedia&parent=79"}],"curies":[{"name":"wp","href":"https:\/\/api.w.org\/{rel}","templated":true}]}}