{"id":84,"date":"2021-08-12T02:44:58","date_gmt":"2021-08-11T23:44:58","guid":{"rendered":"https:\/\/www.auttamaan.fi\/?page_id=84"},"modified":"2023-04-15T19:37:08","modified_gmt":"2023-04-15T16:37:08","slug":"linkit","status":"publish","type":"page","link":"https:\/\/www.auttamaan.fi\/?page_id=84","title":{"rendered":"Linkit"},"content":{"rendered":"\n<div class=\"wp-block-columns alignwide is-layout-flex wp-container-core-columns-is-layout-9d6595d7 wp-block-columns-is-layout-flex\">\n<div class=\"wp-block-column is-layout-flow wp-block-column-is-layout-flow\" style=\"flex-basis:100%\">\n<div class=\"wp-block-columns is-layout-flex wp-container-core-columns-is-layout-9d6595d7 wp-block-columns-is-layout-flex\">\n<div class=\"wp-block-column is-layout-flow wp-block-column-is-layout-flow\" style=\"flex-basis:100%\">\n<p class=\"has-text-align-center has-normal-font-size\">Erilaisia hyv\u00e4ntekev\u00e4isyysj\u00e4rjest\u00f6j\u00e4 on olemassa jo sen verran paljon, ett\u00e4 niit\u00e4 kaikkia on turha l\u00e4hte\u00e4 t\u00e4ss\u00e4 erittelem\u00e4\u00e4n tai mainitsemaan. Sit\u00e4 paitsi osa j\u00e4rjest\u00f6ist\u00e4 toimii kansainv\u00e4lisesti ja osa enemm\u00e4nkin paikallistasolla. Kaikille j\u00e4rjest\u00f6ille on kuitenkin yhteist\u00e4 se, ett\u00e4 niiden pyrkimyksen\u00e4 on tehd\u00e4 maailmasta parempi paikka el\u00e4\u00e4. Kaikenlainen apu siis edist\u00e4\u00e4 ainakin jollain tavoin hyvinvointia ja on t\u00e4ten pidemm\u00e4ll\u00e4 aikav\u00e4lill\u00e4 hyv\u00e4ksi meille kaikille.<\/p>\n<\/div>\n<\/div>\n<\/div>\n<\/div>\n\n\n\n<div class=\"wp-block-columns alignwide is-layout-flex wp-container-core-columns-is-layout-9d6595d7 wp-block-columns-is-layout-flex\">\n<div class=\"wp-block-column is-layout-flow wp-block-column-is-layout-flow\" style=\"flex-basis:100%\">\n<p class=\"has-text-align-center has-normal-font-size\">Hyv\u00e4ntekev\u00e4isyysj\u00e4rjest\u00f6jen kohdalla on kuitenkin hyv\u00e4 tiedostaa se, ett\u00e4 juuri miss\u00e4\u00e4n j\u00e4rjest\u00f6ss\u00e4 rahallinen apu ei mene kokonaisuudessaan suoraan avun tarvitsijoille vaan osa rahallisesta avusta j\u00e4\u00e4 byrokratian py\u00f6ritt\u00e4miseen ja v\u00e4lik\u00e4sille (n\u00e4iden osuuksi j\u00e4rjest\u00f6st\u00e4 riippuen mainitaan yleens\u00e4 pienempien j\u00e4rjest\u00f6jen joistain prosenteista suurempien j\u00e4rjest\u00f6jen aina noin kahteenkymmeneen prosenttiin asti). T\u00e4m\u00e4 ei ole mik\u00e4\u00e4n kritiikki j\u00e4rjest\u00f6j\u00e4 kohtaan vaan se on vain puhdas fakta\/tosiasia. Ja vaikka kaikki raha ei p\u00e4\u00e4tyisik\u00e4\u00e4n kokonaisuudessaan avun tarvitsijoille, menee tuo raha joka tapauksessa ainakin p\u00e4\u00e4osin hyv\u00e4\u00e4n tarkoitukseen.<\/p>\n<\/div>\n<\/div>\n\n\n\n<div class=\"wp-block-columns alignwide is-layout-flex wp-container-core-columns-is-layout-9d6595d7 wp-block-columns-is-layout-flex\">\n<div class=\"wp-block-column is-layout-flow wp-block-column-is-layout-flow\" style=\"flex-basis:100%\">\n<p class=\"has-text-align-center has-normal-font-size\">L\u00e4hiauttaminen sek\u00e4 vapaaehtoisty\u00f6 ovat kaikista parhaimpia ja tehokkaimpia tapoja auttaa ja tehd\u00e4 hyv\u00e4\u00e4, koska silloin t\u00e4m\u00e4 henkil\u00f6kohtainen apu menee kokonaisuudessaan suoraan avun tarvitsijoille ilman v\u00e4lik\u00e4si\u00e4 ja avun antamisen p\u00e4\u00e4see konkreettisesti my\u00f6s itse kokemaan ja n\u00e4kem\u00e4\u00e4n. T\u00e4m\u00e4 vaatii tietysti ylim\u00e4\u00e4r\u00e4ist\u00e4 aikaa ja vaivaa, jota yh\u00e4 harvemmalla nyky-yhteiskunnassamme en\u00e4\u00e4 on. Tavaralahjoitukset ovat my\u00f6s eritt\u00e4in hyv\u00e4 vaihtoehto, koska nekin menev\u00e4t todenn\u00e4k\u00f6isimmin kokonaisuudessaan perille avun tarvitsijoille. Helpoin tai n\u00e4pp\u00e4rin tapa on tietysti antaa rahallista apua eri j\u00e4rjest\u00f6jen kautta, koska t\u00e4ll\u00f6in on joka tapauksessa mukana pyrkim\u00e4ss\u00e4 hyv\u00e4\u00e4n ja luultavasti ainakin suurin osa rahasta p\u00e4\u00e4tyy avun tarvitsijoille.<\/p>\n<\/div>\n<\/div>\n\n\n\n<div class=\"wp-block-columns alignwide is-layout-flex wp-container-core-columns-is-layout-9d6595d7 wp-block-columns-is-layout-flex\">\n<div class=\"wp-block-column is-layout-flow wp-block-column-is-layout-flow\" style=\"flex-basis:100%\">\n<p class=\"has-text-align-center has-large-font-size\"><u><strong>Kannustetaan siis kaikkia l\u00e4hiauttamaan sek\u00e4 tekem\u00e4\u00e4n vapaaehtoisty\u00f6t\u00e4 tai antamaan tavaralahjoituksia! Rahalahjoituskin on ihan hyv\u00e4 vaihtoehto varsinkin pienempien j\u00e4rjest\u00f6jen kohdalla, koska t\u00e4ll\u00f6in todenn\u00e4k\u00f6isesti suurin mahdollinen osa rahasta p\u00e4\u00e4tyy avun tarvitsijoille sek\u00e4 luultavasti apu itsess\u00e4\u00e4nkin menee juuri sinne, minne halusitkin sen menev\u00e4n.<\/strong><\/u><\/p>\n<\/div>\n<\/div>\n\n\n\n<p class=\"has-text-align-center has-normal-font-size\">Seuraavassa muutamia j\u00e4rjest\u00f6j\u00e4, joissa on mahdollisuus vapaaehtoisty\u00f6h\u00f6n (linkkej\u00e4 lis\u00e4t\u00e4\u00e4n sit\u00e4 mukaa kuin niit\u00e4 saadaan):<\/p>\n\n\n\n<p class=\"has-text-align-left has-normal-font-size\"><a href=\"https:\/\/ensijaturvakotienliitto.fi\/\" target=\"_blank\" rel=\"noreferrer noopener\">https:\/\/ensijaturvakotienliitto.fi<\/a> (Ensi- ja turvakodit)<\/p>\n\n\n\n<p class=\"has-text-align-left has-normal-font-size\"><a href=\"https:\/\/hopeyhdistys.fi\/\" target=\"_blank\" rel=\"noreferrer noopener\">https:\/\/hopeyhdistys.fi<\/a> (Hope \u2013 Yhdess\u00e4 &amp; Yhteisesti)<\/p>\n\n\n\n<p class=\"has-text-align-left has-normal-font-size\"><a href=\"https:\/\/kummit.fi\/\" target=\"_blank\" rel=\"noreferrer noopener\">https:\/\/kummit.fi<\/a> (Lastenklinikoiden Kummit)<\/p>\n\n\n\n<p class=\"has-text-align-left has-normal-font-size\"><a href=\"https:\/\/www.mll.fi\/\" target=\"_blank\" rel=\"noreferrer noopener\">https:\/\/www.mll.fi<\/a> (Mannerheimin lastensuojeluliitto)<\/p>\n\n\n\n<p class=\"has-text-align-left has-normal-font-size\"><a href=\"https:\/\/www.pelastakaalapset.fi\/\" target=\"_blank\" rel=\"noreferrer noopener\">https:\/\/www.pelastakaalapset.fi<\/a> (Pelastakaa lapset)<\/p>\n\n\n\n<p class=\"has-text-align-left has-normal-font-size\"><a href=\"https:\/\/www.pelastusarmeija.fi\/\" target=\"_blank\" rel=\"noreferrer noopener\">https:\/\/www.pelastusarmeija.fi<\/a> (Pelastusarmeija)<\/p>\n\n\n\n<p class=\"has-text-align-left has-normal-font-size\"><a href=\"https:\/\/www.riku.fi\/\" target=\"_blank\" rel=\"noreferrer noopener\">https:\/\/www.riku.fi<\/a> (Rikosuhrip\u00e4ivystys)<\/p>\n\n\n\n<p class=\"has-text-align-left has-normal-font-size\"><a href=\"https:\/\/www.sininauhasaatio.fi\/\" target=\"_blank\" rel=\"noreferrer noopener\">https:\/\/www.sininauhasaatio.fi<\/a> (Sininauhas\u00e4\u00e4ti\u00f6)<\/p>\n\n\n\n<p class=\"has-text-align-left has-normal-font-size\"><a href=\"https:\/\/mieli.fi\/\" target=\"_blank\" rel=\"noreferrer noopener\">https:\/\/mieli.fi<\/a> (Suomen mielenterveys)<\/p>\n\n\n\n<p class=\"has-text-align-left has-normal-font-size\"><a href=\"https:\/\/www.punainenristi.fi\/\" target=\"_blank\" rel=\"noreferrer noopener\">https:\/\/www.punainenristi.fi<\/a> (Suomen Punainen Risti)<\/p>\n\n\n\n<p class=\"has-text-align-left has-normal-font-size\"><a href=\"https:\/\/vapaaehtoistyo.fi\/\" target=\"_blank\" rel=\"noreferrer noopener\">https:\/\/vapaaehtoistyo.fi<\/a> (Vapaaehtoisty\u00f6t\u00e4)<\/p>\n","protected":false},"excerpt":{"rendered":"<p>Erilaisia hyv\u00e4ntekev\u00e4isyysj\u00e4rjest\u00f6j\u00e4 on olemassa jo sen verran paljon, ett\u00e4 niit\u00e4 kaikkia on turha l\u00e4hte\u00e4 t\u00e4ss\u00e4 erittelem\u00e4\u00e4n tai mainitsemaan. Sit\u00e4 paitsi osa j\u00e4rjest\u00f6ist\u00e4 toimii kansainv\u00e4lisesti ja osa enemm\u00e4nkin paikallistasolla. Kaikille j\u00e4rjest\u00f6ille on kuitenkin yhteist\u00e4 se, ett\u00e4 niiden pyrkimyksen\u00e4 on tehd\u00e4 maailmasta parempi paikka el\u00e4\u00e4. Kaikenlainen apu siis edist\u00e4\u00e4 ainakin jollain tavoin hyvinvointia ja on t\u00e4ten pidemm\u00e4ll\u00e4 [&hellip;]<\/p>\n","protected":false},"author":1,"featured_media":0,"parent":0,"menu_order":0,"comment_status":"closed","ping_status":"closed","template":"","meta":{"footnotes":""},"class_list":["post-84","page","type-page","status-publish","hentry"],"yoast_head":"<!-- This site is optimized with the Yoast SEO plugin v27.3 - https:\/\/yoast.com\/product\/yoast-seo-wordpress\/ -->\n<title>Linkit - Autetaan yhdess&auml;<\/title>\n<meta name=\"robots\" content=\"index, follow, max-snippet:-1, max-image-preview:large, max-video-preview:-1\" \/>\n<link rel=\"canonical\" href=\"https:\/\/www.auttamaan.fi\/?page_id=84\" \/>\n<meta property=\"og:locale\" content=\"fi_FI\" \/>\n<meta property=\"og:type\" content=\"article\" \/>\n<meta property=\"og:title\" content=\"Linkit - Autetaan yhdess&auml;\" \/>\n<meta property=\"og:description\" content=\"Erilaisia hyv\u00e4ntekev\u00e4isyysj\u00e4rjest\u00f6j\u00e4 on olemassa jo sen verran paljon, ett\u00e4 niit\u00e4 kaikkia on turha l\u00e4hte\u00e4 t\u00e4ss\u00e4 erittelem\u00e4\u00e4n tai mainitsemaan. Sit\u00e4 paitsi osa j\u00e4rjest\u00f6ist\u00e4 toimii kansainv\u00e4lisesti ja osa enemm\u00e4nkin paikallistasolla. Kaikille j\u00e4rjest\u00f6ille on kuitenkin yhteist\u00e4 se, ett\u00e4 niiden pyrkimyksen\u00e4 on tehd\u00e4 maailmasta parempi paikka el\u00e4\u00e4. Kaikenlainen apu siis edist\u00e4\u00e4 ainakin jollain tavoin hyvinvointia ja on t\u00e4ten pidemm\u00e4ll\u00e4 [&hellip;]\" \/>\n<meta property=\"og:url\" content=\"https:\/\/www.auttamaan.fi\/?page_id=84\" \/>\n<meta property=\"og:site_name\" content=\"Autetaan yhdess&auml;\" \/>\n<meta property=\"article:modified_time\" content=\"2023-04-15T16:37:08+00:00\" \/>\n<meta name=\"twitter:card\" content=\"summary_large_image\" \/>\n<meta name=\"twitter:label1\" content=\"Arvioitu lukuaika\" \/>\n\t<meta name=\"twitter:data1\" content=\"2 minuuttia\" \/>\n<script type=\"application\/ld+json\" class=\"yoast-schema-graph\">{\"@context\":\"https:\\\/\\\/schema.org\",\"@graph\":[{\"@type\":\"WebPage\",\"@id\":\"https:\\\/\\\/www.auttamaan.fi\\\/?page_id=84\",\"url\":\"https:\\\/\\\/www.auttamaan.fi\\\/?page_id=84\",\"name\":\"Linkit - Autetaan yhdess&auml;\",\"isPartOf\":{\"@id\":\"https:\\\/\\\/www.auttamaan.fi\\\/#website\"},\"datePublished\":\"2021-08-11T23:44:58+00:00\",\"dateModified\":\"2023-04-15T16:37:08+00:00\",\"breadcrumb\":{\"@id\":\"https:\\\/\\\/www.auttamaan.fi\\\/?page_id=84#breadcrumb\"},\"inLanguage\":\"fi\",\"potentialAction\":[{\"@type\":\"ReadAction\",\"target\":[\"https:\\\/\\\/www.auttamaan.fi\\\/?page_id=84\"]}]},{\"@type\":\"BreadcrumbList\",\"@id\":\"https:\\\/\\\/www.auttamaan.fi\\\/?page_id=84#breadcrumb\",\"itemListElement\":[{\"@type\":\"ListItem\",\"position\":1,\"name\":\"Etusivu\",\"item\":\"https:\\\/\\\/www.auttamaan.fi\\\/\"},{\"@type\":\"ListItem\",\"position\":2,\"name\":\"Linkit\"}]},{\"@type\":\"WebSite\",\"@id\":\"https:\\\/\\\/www.auttamaan.fi\\\/#website\",\"url\":\"https:\\\/\\\/www.auttamaan.fi\\\/\",\"name\":\"Autetaan yhdess\u00e4\",\"description\":\"Ep&auml;itsekkyys kunniaan!\",\"publisher\":{\"@id\":\"https:\\\/\\\/www.auttamaan.fi\\\/#\\\/schema\\\/person\\\/3a3b34aa2951c21887d3ff9a31bec146\"},\"potentialAction\":[{\"@type\":\"SearchAction\",\"target\":{\"@type\":\"EntryPoint\",\"urlTemplate\":\"https:\\\/\\\/www.auttamaan.fi\\\/?s={search_term_string}\"},\"query-input\":{\"@type\":\"PropertyValueSpecification\",\"valueRequired\":true,\"valueName\":\"search_term_string\"}}],\"inLanguage\":\"fi\"},{\"@type\":[\"Person\",\"Organization\"],\"@id\":\"https:\\\/\\\/www.auttamaan.fi\\\/#\\\/schema\\\/person\\\/3a3b34aa2951c21887d3ff9a31bec146\",\"name\":\"admin\",\"image\":{\"@type\":\"ImageObject\",\"inLanguage\":\"fi\",\"@id\":\"https:\\\/\\\/secure.gravatar.com\\\/avatar\\\/00e9410861902e19f4836db60c4b50309449416b5ce1e29b3edd56d00281d8a6?s=96&d=mm&r=g\",\"url\":\"https:\\\/\\\/secure.gravatar.com\\\/avatar\\\/00e9410861902e19f4836db60c4b50309449416b5ce1e29b3edd56d00281d8a6?s=96&d=mm&r=g\",\"contentUrl\":\"https:\\\/\\\/secure.gravatar.com\\\/avatar\\\/00e9410861902e19f4836db60c4b50309449416b5ce1e29b3edd56d00281d8a6?s=96&d=mm&r=g\",\"caption\":\"admin\"},\"logo\":{\"@id\":\"https:\\\/\\\/secure.gravatar.com\\\/avatar\\\/00e9410861902e19f4836db60c4b50309449416b5ce1e29b3edd56d00281d8a6?s=96&d=mm&r=g\"},\"description\":\"Auttaminen ja hyv\u00e4ntekeminen ovat l\u00e4hell\u00e4 syd\u00e4nt\u00e4, joten n\u00e4iden sivujen avulla sit\u00e4 p\u00e4\u00e4see mahdollisesti toteuttamaan laajemminkin.\",\"sameAs\":[\"https:\\\/\\\/www.auttamaan.fi\"]}]}<\/script>\n<!-- \/ Yoast SEO plugin. -->","yoast_head_json":{"title":"Linkit - Autetaan yhdess&auml;","robots":{"index":"index","follow":"follow","max-snippet":"max-snippet:-1","max-image-preview":"max-image-preview:large","max-video-preview":"max-video-preview:-1"},"canonical":"https:\/\/www.auttamaan.fi\/?page_id=84","og_locale":"fi_FI","og_type":"article","og_title":"Linkit - Autetaan yhdess&auml;","og_description":"Erilaisia hyv\u00e4ntekev\u00e4isyysj\u00e4rjest\u00f6j\u00e4 on olemassa jo sen verran paljon, ett\u00e4 niit\u00e4 kaikkia on turha l\u00e4hte\u00e4 t\u00e4ss\u00e4 erittelem\u00e4\u00e4n tai mainitsemaan. Sit\u00e4 paitsi osa j\u00e4rjest\u00f6ist\u00e4 toimii kansainv\u00e4lisesti ja osa enemm\u00e4nkin paikallistasolla. Kaikille j\u00e4rjest\u00f6ille on kuitenkin yhteist\u00e4 se, ett\u00e4 niiden pyrkimyksen\u00e4 on tehd\u00e4 maailmasta parempi paikka el\u00e4\u00e4. Kaikenlainen apu siis edist\u00e4\u00e4 ainakin jollain tavoin hyvinvointia ja on t\u00e4ten pidemm\u00e4ll\u00e4 [&hellip;]","og_url":"https:\/\/www.auttamaan.fi\/?page_id=84","og_site_name":"Autetaan yhdess&auml;","article_modified_time":"2023-04-15T16:37:08+00:00","twitter_card":"summary_large_image","twitter_misc":{"Arvioitu lukuaika":"2 minuuttia"},"schema":{"@context":"https:\/\/schema.org","@graph":[{"@type":"WebPage","@id":"https:\/\/www.auttamaan.fi\/?page_id=84","url":"https:\/\/www.auttamaan.fi\/?page_id=84","name":"Linkit - Autetaan yhdess&auml;","isPartOf":{"@id":"https:\/\/www.auttamaan.fi\/#website"},"datePublished":"2021-08-11T23:44:58+00:00","dateModified":"2023-04-15T16:37:08+00:00","breadcrumb":{"@id":"https:\/\/www.auttamaan.fi\/?page_id=84#breadcrumb"},"inLanguage":"fi","potentialAction":[{"@type":"ReadAction","target":["https:\/\/www.auttamaan.fi\/?page_id=84"]}]},{"@type":"BreadcrumbList","@id":"https:\/\/www.auttamaan.fi\/?page_id=84#breadcrumb","itemListElement":[{"@type":"ListItem","position":1,"name":"Etusivu","item":"https:\/\/www.auttamaan.fi\/"},{"@type":"ListItem","position":2,"name":"Linkit"}]},{"@type":"WebSite","@id":"https:\/\/www.auttamaan.fi\/#website","url":"https:\/\/www.auttamaan.fi\/","name":"Autetaan yhdess\u00e4","description":"Ep&auml;itsekkyys kunniaan!","publisher":{"@id":"https:\/\/www.auttamaan.fi\/#\/schema\/person\/3a3b34aa2951c21887d3ff9a31bec146"},"potentialAction":[{"@type":"SearchAction","target":{"@type":"EntryPoint","urlTemplate":"https:\/\/www.auttamaan.fi\/?s={search_term_string}"},"query-input":{"@type":"PropertyValueSpecification","valueRequired":true,"valueName":"search_term_string"}}],"inLanguage":"fi"},{"@type":["Person","Organization"],"@id":"https:\/\/www.auttamaan.fi\/#\/schema\/person\/3a3b34aa2951c21887d3ff9a31bec146","name":"admin","image":{"@type":"ImageObject","inLanguage":"fi","@id":"https:\/\/secure.gravatar.com\/avatar\/00e9410861902e19f4836db60c4b50309449416b5ce1e29b3edd56d00281d8a6?s=96&d=mm&r=g","url":"https:\/\/secure.gravatar.com\/avatar\/00e9410861902e19f4836db60c4b50309449416b5ce1e29b3edd56d00281d8a6?s=96&d=mm&r=g","contentUrl":"https:\/\/secure.gravatar.com\/avatar\/00e9410861902e19f4836db60c4b50309449416b5ce1e29b3edd56d00281d8a6?s=96&d=mm&r=g","caption":"admin"},"logo":{"@id":"https:\/\/secure.gravatar.com\/avatar\/00e9410861902e19f4836db60c4b50309449416b5ce1e29b3edd56d00281d8a6?s=96&d=mm&r=g"},"description":"Auttaminen ja hyv\u00e4ntekeminen ovat l\u00e4hell\u00e4 syd\u00e4nt\u00e4, joten n\u00e4iden sivujen avulla sit\u00e4 p\u00e4\u00e4see mahdollisesti toteuttamaan laajemminkin.","sameAs":["https:\/\/www.auttamaan.fi"]}]}},"_links":{"self":[{"href":"https:\/\/www.auttamaan.fi\/index.php?rest_route=\/wp\/v2\/pages\/84","targetHints":{"allow":["GET"]}}],"collection":[{"href":"https:\/\/www.auttamaan.fi\/index.php?rest_route=\/wp\/v2\/pages"}],"about":[{"href":"https:\/\/www.auttamaan.fi\/index.php?rest_route=\/wp\/v2\/types\/page"}],"author":[{"embeddable":true,"href":"https:\/\/www.auttamaan.fi\/index.php?rest_route=\/wp\/v2\/users\/1"}],"replies":[{"embeddable":true,"href":"https:\/\/www.auttamaan.fi\/index.php?rest_route=%2Fwp%2Fv2%2Fcomments&post=84"}],"version-history":[{"count":11,"href":"https:\/\/www.auttamaan.fi\/index.php?rest_route=\/wp\/v2\/pages\/84\/revisions"}],"predecessor-version":[{"id":421,"href":"https:\/\/www.auttamaan.fi\/index.php?rest_route=\/wp\/v2\/pages\/84\/revisions\/421"}],"wp:attachment":[{"href":"https:\/\/www.auttamaan.fi\/index.php?rest_route=%2Fwp%2Fv2%2Fmedia&parent=84"}],"curies":[{"name":"wp","href":"https:\/\/api.w.org\/{rel}","templated":true}]}}