{"id":96,"date":"2021-08-12T03:45:48","date_gmt":"2021-08-12T00:45:48","guid":{"rendered":"https:\/\/www.auttamaan.fi\/?page_id=96"},"modified":"2023-11-05T00:55:43","modified_gmt":"2023-11-04T21:55:43","slug":"yhteystiedot","status":"publish","type":"page","link":"https:\/\/www.auttamaan.fi\/?page_id=96","title":{"rendered":"Yhteystiedot"},"content":{"rendered":"\n<div class=\"wp-block-columns alignwide is-layout-flex wp-container-core-columns-is-layout-9d6595d7 wp-block-columns-is-layout-flex\">\n<div class=\"wp-block-column is-layout-flow wp-block-column-is-layout-flow\" style=\"flex-basis:100%\">\n<p class=\"has-text-align-center has-normal-font-size\">Olisiko sinulla jotain sivuihin liittyv\u00e4\u00e4 palautetta annettavana? Kaikenlainen sivustoon liittyv\u00e4 palaute on eritt\u00e4in tervetullutta, liittyip\u00e4 se sitten parannusehdotuksiin, sis\u00e4lt\u00f6\u00f6n, toimivuuteen, ulkoasuun tai mihin tahansa. <strong><u><strong>L\u00e4het\u00e4 palaute: palaute(at)auttamaan.fi<\/strong><\/u><\/strong><\/p>\n<\/div>\n<\/div>\n\n\n\n<div class=\"wp-block-columns alignwide is-layout-flex wp-container-core-columns-is-layout-9d6595d7 wp-block-columns-is-layout-flex\">\n<div class=\"wp-block-column is-layout-flow wp-block-column-is-layout-flow\" style=\"flex-basis:100%\">\n<p class=\"has-text-align-center has-normal-font-size\">Onko sinulla jotain henkil\u00f6kohtaisempaa asiaa sivujen yll\u00e4pit\u00e4j\u00e4lle? Haluaisitko vaikkapa olla mukana tekem\u00e4ss\u00e4 tai tuottamassa sis\u00e4lt\u00f6\u00e4 sivuille? <strong><u><strong>Voit l\u00e4hesty\u00e4 yll\u00e4pit\u00e4j\u00e4\u00e4: yllapito(at)auttamaan.fi<\/strong><\/u><\/strong><\/p>\n<\/div>\n<\/div>\n\n\n\n<div class=\"wp-block-columns alignwide is-layout-flex wp-container-core-columns-is-layout-9d6595d7 wp-block-columns-is-layout-flex\">\n<div class=\"wp-block-column is-layout-flow wp-block-column-is-layout-flow\" style=\"flex-basis:100%\">\n<p class=\"has-text-align-center has-normal-font-size\">Kaipaatko itse tai kaipaako joku tuntemasi henkil\u00f6 apua erityisesti henkil\u00f6kohtaiseen turvallisuuteen tai taloudelliseen tilanteeseen liittyen? <em><strong><u>Ole rohkeasti yhteydess\u00e4<\/u>: <\/strong><\/em><strong>apuatarvitaan(at)auttamaan.fi <em><u>niin aletaan laittamaan asioita kuntoon<\/u>! <u>(muistutuksena: \u201dtoimipaikka\u201d Oulussa, joten apu p\u00e4\u00e4osin Oulun seudulle)<\/u><\/em><\/strong><\/p>\n<\/div>\n<\/div>\n\n\n\n<div class=\"wp-block-columns alignwide is-layout-flex wp-container-core-columns-is-layout-9d6595d7 wp-block-columns-is-layout-flex\">\n<div class=\"wp-block-column is-layout-flow wp-block-column-is-layout-flow\" style=\"flex-basis:100%\">\n<p class=\"has-text-align-center has-normal-font-size\">Haluaisitko olla mukana auttamassa ja tekem\u00e4ss\u00e4 hyv\u00e4\u00e4?<strong> <u><strong>Ole yhteydess\u00e4: haluanauttaa(at)auttamaan.fi<\/strong><\/u><\/strong><\/p>\n<\/div>\n<\/div>\n\n\n\n<div class=\"wp-block-columns alignwide is-layout-flex wp-container-core-columns-is-layout-9d6595d7 wp-block-columns-is-layout-flex\">\n<div class=\"wp-block-column is-layout-flow wp-block-column-is-layout-flow\" style=\"flex-basis:100%\">\n<p class=\"has-text-align-center has-normal-font-size\">Onko sinulla jokin inspiroiva kokemus, kertomus tai tarina todellisesta el\u00e4m\u00e4st\u00e4 auttamiseen tai hyv\u00e4ntekemiseen liittyen? <strong><u><em>L\u00e4het\u00e4 se: <\/em>todellatapahtui(at)auttamaan.fi <em>niin katsotaan voisiko sen n\u00e4ill\u00e4kin sivuilla julkaista.<\/em><\/u><\/strong><\/p>\n<\/div>\n<\/div>\n","protected":false},"excerpt":{"rendered":"<p>Olisiko sinulla jotain sivuihin liittyv\u00e4\u00e4 palautetta annettavana? Kaikenlainen sivustoon liittyv\u00e4 palaute on eritt\u00e4in tervetullutta, liittyip\u00e4 se sitten parannusehdotuksiin, sis\u00e4lt\u00f6\u00f6n, toimivuuteen, ulkoasuun tai mihin tahansa. L\u00e4het\u00e4 palaute: palaute(at)auttamaan.fi Onko sinulla jotain henkil\u00f6kohtaisempaa asiaa sivujen yll\u00e4pit\u00e4j\u00e4lle? Haluaisitko vaikkapa olla mukana tekem\u00e4ss\u00e4 tai tuottamassa sis\u00e4lt\u00f6\u00e4 sivuille? Voit l\u00e4hesty\u00e4 yll\u00e4pit\u00e4j\u00e4\u00e4: yllapito(at)auttamaan.fi Kaipaatko itse tai kaipaako joku tuntemasi henkil\u00f6 apua [&hellip;]<\/p>\n","protected":false},"author":1,"featured_media":0,"parent":0,"menu_order":0,"comment_status":"closed","ping_status":"closed","template":"","meta":{"footnotes":""},"class_list":["post-96","page","type-page","status-publish","hentry"],"yoast_head":"<!-- This site is optimized with the Yoast SEO plugin v27.3 - https:\/\/yoast.com\/product\/yoast-seo-wordpress\/ -->\n<title>Yhteystiedot - Autetaan yhdess&auml;<\/title>\n<meta name=\"robots\" content=\"index, follow, max-snippet:-1, max-image-preview:large, max-video-preview:-1\" \/>\n<link rel=\"canonical\" href=\"https:\/\/www.auttamaan.fi\/?page_id=96\" \/>\n<meta property=\"og:locale\" content=\"fi_FI\" \/>\n<meta property=\"og:type\" content=\"article\" \/>\n<meta property=\"og:title\" content=\"Yhteystiedot - Autetaan yhdess&auml;\" \/>\n<meta property=\"og:description\" content=\"Olisiko sinulla jotain sivuihin liittyv\u00e4\u00e4 palautetta annettavana? Kaikenlainen sivustoon liittyv\u00e4 palaute on eritt\u00e4in tervetullutta, liittyip\u00e4 se sitten parannusehdotuksiin, sis\u00e4lt\u00f6\u00f6n, toimivuuteen, ulkoasuun tai mihin tahansa. L\u00e4het\u00e4 palaute: palaute(at)auttamaan.fi Onko sinulla jotain henkil\u00f6kohtaisempaa asiaa sivujen yll\u00e4pit\u00e4j\u00e4lle? Haluaisitko vaikkapa olla mukana tekem\u00e4ss\u00e4 tai tuottamassa sis\u00e4lt\u00f6\u00e4 sivuille? Voit l\u00e4hesty\u00e4 yll\u00e4pit\u00e4j\u00e4\u00e4: yllapito(at)auttamaan.fi Kaipaatko itse tai kaipaako joku tuntemasi henkil\u00f6 apua [&hellip;]\" \/>\n<meta property=\"og:url\" content=\"https:\/\/www.auttamaan.fi\/?page_id=96\" \/>\n<meta property=\"og:site_name\" content=\"Autetaan yhdess&auml;\" \/>\n<meta property=\"article:modified_time\" content=\"2023-11-04T21:55:43+00:00\" \/>\n<meta name=\"twitter:card\" content=\"summary_large_image\" \/>\n<meta name=\"twitter:label1\" content=\"Arvioitu lukuaika\" \/>\n\t<meta name=\"twitter:data1\" content=\"1 minuutti\" \/>\n<script type=\"application\/ld+json\" class=\"yoast-schema-graph\">{\"@context\":\"https:\\\/\\\/schema.org\",\"@graph\":[{\"@type\":\"WebPage\",\"@id\":\"https:\\\/\\\/www.auttamaan.fi\\\/?page_id=96\",\"url\":\"https:\\\/\\\/www.auttamaan.fi\\\/?page_id=96\",\"name\":\"Yhteystiedot - Autetaan yhdess&auml;\",\"isPartOf\":{\"@id\":\"https:\\\/\\\/www.auttamaan.fi\\\/#website\"},\"datePublished\":\"2021-08-12T00:45:48+00:00\",\"dateModified\":\"2023-11-04T21:55:43+00:00\",\"breadcrumb\":{\"@id\":\"https:\\\/\\\/www.auttamaan.fi\\\/?page_id=96#breadcrumb\"},\"inLanguage\":\"fi\",\"potentialAction\":[{\"@type\":\"ReadAction\",\"target\":[\"https:\\\/\\\/www.auttamaan.fi\\\/?page_id=96\"]}]},{\"@type\":\"BreadcrumbList\",\"@id\":\"https:\\\/\\\/www.auttamaan.fi\\\/?page_id=96#breadcrumb\",\"itemListElement\":[{\"@type\":\"ListItem\",\"position\":1,\"name\":\"Etusivu\",\"item\":\"https:\\\/\\\/www.auttamaan.fi\\\/\"},{\"@type\":\"ListItem\",\"position\":2,\"name\":\"Yhteystiedot\"}]},{\"@type\":\"WebSite\",\"@id\":\"https:\\\/\\\/www.auttamaan.fi\\\/#website\",\"url\":\"https:\\\/\\\/www.auttamaan.fi\\\/\",\"name\":\"Autetaan yhdess\u00e4\",\"description\":\"Ep&auml;itsekkyys kunniaan!\",\"publisher\":{\"@id\":\"https:\\\/\\\/www.auttamaan.fi\\\/#\\\/schema\\\/person\\\/3a3b34aa2951c21887d3ff9a31bec146\"},\"potentialAction\":[{\"@type\":\"SearchAction\",\"target\":{\"@type\":\"EntryPoint\",\"urlTemplate\":\"https:\\\/\\\/www.auttamaan.fi\\\/?s={search_term_string}\"},\"query-input\":{\"@type\":\"PropertyValueSpecification\",\"valueRequired\":true,\"valueName\":\"search_term_string\"}}],\"inLanguage\":\"fi\"},{\"@type\":[\"Person\",\"Organization\"],\"@id\":\"https:\\\/\\\/www.auttamaan.fi\\\/#\\\/schema\\\/person\\\/3a3b34aa2951c21887d3ff9a31bec146\",\"name\":\"admin\",\"image\":{\"@type\":\"ImageObject\",\"inLanguage\":\"fi\",\"@id\":\"https:\\\/\\\/secure.gravatar.com\\\/avatar\\\/00e9410861902e19f4836db60c4b50309449416b5ce1e29b3edd56d00281d8a6?s=96&d=mm&r=g\",\"url\":\"https:\\\/\\\/secure.gravatar.com\\\/avatar\\\/00e9410861902e19f4836db60c4b50309449416b5ce1e29b3edd56d00281d8a6?s=96&d=mm&r=g\",\"contentUrl\":\"https:\\\/\\\/secure.gravatar.com\\\/avatar\\\/00e9410861902e19f4836db60c4b50309449416b5ce1e29b3edd56d00281d8a6?s=96&d=mm&r=g\",\"caption\":\"admin\"},\"logo\":{\"@id\":\"https:\\\/\\\/secure.gravatar.com\\\/avatar\\\/00e9410861902e19f4836db60c4b50309449416b5ce1e29b3edd56d00281d8a6?s=96&d=mm&r=g\"},\"description\":\"Auttaminen ja hyv\u00e4ntekeminen ovat l\u00e4hell\u00e4 syd\u00e4nt\u00e4, joten n\u00e4iden sivujen avulla sit\u00e4 p\u00e4\u00e4see mahdollisesti toteuttamaan laajemminkin.\",\"sameAs\":[\"https:\\\/\\\/www.auttamaan.fi\"]}]}<\/script>\n<!-- \/ Yoast SEO plugin. -->","yoast_head_json":{"title":"Yhteystiedot - Autetaan yhdess&auml;","robots":{"index":"index","follow":"follow","max-snippet":"max-snippet:-1","max-image-preview":"max-image-preview:large","max-video-preview":"max-video-preview:-1"},"canonical":"https:\/\/www.auttamaan.fi\/?page_id=96","og_locale":"fi_FI","og_type":"article","og_title":"Yhteystiedot - Autetaan yhdess&auml;","og_description":"Olisiko sinulla jotain sivuihin liittyv\u00e4\u00e4 palautetta annettavana? Kaikenlainen sivustoon liittyv\u00e4 palaute on eritt\u00e4in tervetullutta, liittyip\u00e4 se sitten parannusehdotuksiin, sis\u00e4lt\u00f6\u00f6n, toimivuuteen, ulkoasuun tai mihin tahansa. L\u00e4het\u00e4 palaute: palaute(at)auttamaan.fi Onko sinulla jotain henkil\u00f6kohtaisempaa asiaa sivujen yll\u00e4pit\u00e4j\u00e4lle? Haluaisitko vaikkapa olla mukana tekem\u00e4ss\u00e4 tai tuottamassa sis\u00e4lt\u00f6\u00e4 sivuille? Voit l\u00e4hesty\u00e4 yll\u00e4pit\u00e4j\u00e4\u00e4: yllapito(at)auttamaan.fi Kaipaatko itse tai kaipaako joku tuntemasi henkil\u00f6 apua [&hellip;]","og_url":"https:\/\/www.auttamaan.fi\/?page_id=96","og_site_name":"Autetaan yhdess&auml;","article_modified_time":"2023-11-04T21:55:43+00:00","twitter_card":"summary_large_image","twitter_misc":{"Arvioitu lukuaika":"1 minuutti"},"schema":{"@context":"https:\/\/schema.org","@graph":[{"@type":"WebPage","@id":"https:\/\/www.auttamaan.fi\/?page_id=96","url":"https:\/\/www.auttamaan.fi\/?page_id=96","name":"Yhteystiedot - Autetaan yhdess&auml;","isPartOf":{"@id":"https:\/\/www.auttamaan.fi\/#website"},"datePublished":"2021-08-12T00:45:48+00:00","dateModified":"2023-11-04T21:55:43+00:00","breadcrumb":{"@id":"https:\/\/www.auttamaan.fi\/?page_id=96#breadcrumb"},"inLanguage":"fi","potentialAction":[{"@type":"ReadAction","target":["https:\/\/www.auttamaan.fi\/?page_id=96"]}]},{"@type":"BreadcrumbList","@id":"https:\/\/www.auttamaan.fi\/?page_id=96#breadcrumb","itemListElement":[{"@type":"ListItem","position":1,"name":"Etusivu","item":"https:\/\/www.auttamaan.fi\/"},{"@type":"ListItem","position":2,"name":"Yhteystiedot"}]},{"@type":"WebSite","@id":"https:\/\/www.auttamaan.fi\/#website","url":"https:\/\/www.auttamaan.fi\/","name":"Autetaan yhdess\u00e4","description":"Ep&auml;itsekkyys kunniaan!","publisher":{"@id":"https:\/\/www.auttamaan.fi\/#\/schema\/person\/3a3b34aa2951c21887d3ff9a31bec146"},"potentialAction":[{"@type":"SearchAction","target":{"@type":"EntryPoint","urlTemplate":"https:\/\/www.auttamaan.fi\/?s={search_term_string}"},"query-input":{"@type":"PropertyValueSpecification","valueRequired":true,"valueName":"search_term_string"}}],"inLanguage":"fi"},{"@type":["Person","Organization"],"@id":"https:\/\/www.auttamaan.fi\/#\/schema\/person\/3a3b34aa2951c21887d3ff9a31bec146","name":"admin","image":{"@type":"ImageObject","inLanguage":"fi","@id":"https:\/\/secure.gravatar.com\/avatar\/00e9410861902e19f4836db60c4b50309449416b5ce1e29b3edd56d00281d8a6?s=96&d=mm&r=g","url":"https:\/\/secure.gravatar.com\/avatar\/00e9410861902e19f4836db60c4b50309449416b5ce1e29b3edd56d00281d8a6?s=96&d=mm&r=g","contentUrl":"https:\/\/secure.gravatar.com\/avatar\/00e9410861902e19f4836db60c4b50309449416b5ce1e29b3edd56d00281d8a6?s=96&d=mm&r=g","caption":"admin"},"logo":{"@id":"https:\/\/secure.gravatar.com\/avatar\/00e9410861902e19f4836db60c4b50309449416b5ce1e29b3edd56d00281d8a6?s=96&d=mm&r=g"},"description":"Auttaminen ja hyv\u00e4ntekeminen ovat l\u00e4hell\u00e4 syd\u00e4nt\u00e4, joten n\u00e4iden sivujen avulla sit\u00e4 p\u00e4\u00e4see mahdollisesti toteuttamaan laajemminkin.","sameAs":["https:\/\/www.auttamaan.fi"]}]}},"_links":{"self":[{"href":"https:\/\/www.auttamaan.fi\/index.php?rest_route=\/wp\/v2\/pages\/96","targetHints":{"allow":["GET"]}}],"collection":[{"href":"https:\/\/www.auttamaan.fi\/index.php?rest_route=\/wp\/v2\/pages"}],"about":[{"href":"https:\/\/www.auttamaan.fi\/index.php?rest_route=\/wp\/v2\/types\/page"}],"author":[{"embeddable":true,"href":"https:\/\/www.auttamaan.fi\/index.php?rest_route=\/wp\/v2\/users\/1"}],"replies":[{"embeddable":true,"href":"https:\/\/www.auttamaan.fi\/index.php?rest_route=%2Fwp%2Fv2%2Fcomments&post=96"}],"version-history":[{"count":7,"href":"https:\/\/www.auttamaan.fi\/index.php?rest_route=\/wp\/v2\/pages\/96\/revisions"}],"predecessor-version":[{"id":474,"href":"https:\/\/www.auttamaan.fi\/index.php?rest_route=\/wp\/v2\/pages\/96\/revisions\/474"}],"wp:attachment":[{"href":"https:\/\/www.auttamaan.fi\/index.php?rest_route=%2Fwp%2Fv2%2Fmedia&parent=96"}],"curies":[{"name":"wp","href":"https:\/\/api.w.org\/{rel}","templated":true}]}}